{"id":37983,"date":"2024-02-16T12:28:16","date_gmt":"2024-02-16T12:28:16","guid":{"rendered":"https:\/\/flandecoco.net\/?page_id=37983"},"modified":"2024-02-16T12:28:37","modified_gmt":"2024-02-16T12:28:37","slug":"marqueting-digital","status":"publish","type":"page","link":"https:\/\/flandecoco.net\/ca\/serveis\/marqueting-digital","title":{"rendered":"M\u00e0rqueting digital"},"content":{"rendered":"<div class=\"wpb-content-wrapper\"><section data-vc-full-width=\"true\" data-vc-full-width-init=\"false\" class=\"vc_row wpb_row vc_row-fluid sections-home vc_custom_1708075790958 bg-position-center-center vc_row-has-fill pofo-stretch-content pofo-stretch-row-container\"><div class=\"wpb_column vc_column_container vc_col-sm-12  col-xs-mobile-fullwidth\"><div class=\"vc_column-inner \"><div class=\"wpb_wrapper\"><div class=\"vc_row wpb_row vc_inner vc_row-fluid  vc_custom_1704990833350 vc_row-o-content-top vc_row-flex\"><div class=\"wpb_column vc_column_container vc_col-sm-12  col-xs-mobile-fullwidth\"><div class=\"vc_column-inner vc_custom_1704990824100\"><div class=\"wpb_wrapper\"><div class=\" vc_custom_1708086370582 last-paragraph-no-margin\"><h3 style=\"text-align: center; color: #1e293b;\">M\u00e0rqueting digital<\/h3>\n<\/div><\/div><\/div><\/div><\/div><div class=\"last-paragraph-no-margin\"><div class=\"page\" title=\"Page 5\">\n<div class=\"section\">\n<div class=\"layoutArea\" style=\"text-align: center;\">\n<div class=\"column\"><\/div>\n<div class=\"page\" title=\"Page 5\">\n<div class=\"section\">\n<div class=\"layoutArea\" style=\"text-align: center;\">\n<div class=\"column\">\n<h2>SERVEIS<\/h2>\n<\/div>\n<\/div>\n<\/div>\n<\/div>\n<\/div>\n<\/div>\n<\/div>\n<\/div><div class=\" vc_custom_1708086049240 last-paragraph-no-margin\"><p class=\"service-intro\" style=\"text-align: center;\">Las t\u00e9cnicas de comunicaci\u00f3n estrat\u00e9gica en un entorno digital. Una flaqueza para infinidad de agencias de publicidad que las emplean como un sat\u00e9lite de sus servicios, una fortaleza en FlandeCoco.<\/p>\n<\/div><div class=\"vc_row wpb_row vc_inner vc_row-fluid\"><div class=\"wpb_column vc_column_container service-block vc_col-sm-4  col-xs-mobile-fullwidth\"><div class=\"vc_column-inner \"><div class=\"wpb_wrapper\"><div class=\"last-paragraph-no-margin\"><h4 class=\"service-title\">Social Media<\/h4>\n<div class=\"service-separator\"><\/div>\n<p class=\"service-text\">La f\u00f3rmula m\u00e9s eficient per arribar al m\u00e0xim nombre de persones des de inversions accessibles. Fins fa molt poc les Xarxes Socials eren les eines del futur, ara s\u00f3n els canals de present.<\/p>\n<\/div><\/div><\/div><\/div><div class=\"wpb_column vc_column_container service-block vc_col-sm-4  col-xs-mobile-fullwidth\"><div class=\"vc_column-inner \"><div class=\"wpb_wrapper\"><div class=\"last-paragraph-no-margin\"><h4 class=\"service-title\">Social Ads<\/h4>\n<div class=\"service-separator\"><\/div>\n<p class=\"service-text\">Exiliar el simple trasllat d\u2019accions i estrat\u00e8gies del M\u00e0rqueting Offline a les xarxes socials. Les possibilitats en m\u00e0rqueting per arribar a la teva audi\u00e8ncia s\u00f3n millors que mai.<\/p>\n<\/div><\/div><\/div><\/div><div class=\"wpb_column vc_column_container service-block vc_col-sm-4  col-xs-mobile-fullwidth\"><div class=\"vc_column-inner \"><div class=\"wpb_wrapper\"><div class=\"last-paragraph-no-margin\"><h4 class=\"service-title\">Posicionament web SEO i SEM<\/h4>\n<div class=\"service-separator\"><\/div>\n<p class=\"service-text\">Impulsem a marques i productes fins als primers llocs de les cerques org\u00e0niques. Fins a l\u2019infinit i m\u00e9s enll\u00e0 amb les accions SEO i les estrat\u00e8gies de pagament (SEM) que, en clau d\u2019experi\u00e8ncia, optimitzen la visibilitat i accessibilitat en l\u00ednia de llocs web i campanyes.<\/p>\n<\/div><\/div><\/div><\/div><\/div><div class=\"vc_row wpb_row vc_inner vc_row-fluid\"><div class=\"wpb_column vc_column_container service-block vc_col-sm-4  col-xs-mobile-fullwidth\"><div class=\"vc_column-inner \"><div class=\"wpb_wrapper\"><div class=\"last-paragraph-no-margin\"><h4 class=\"service-title\">M\u00e0rqueting de Continguts<\/h4>\n<div class=\"service-separator\"><\/div>\n<p class=\"service-text\">Cercar, agrupar i compartir de forma cont\u00ednua la informaci\u00f3 rellevant d\u2019un sector o grup d\u2019inter\u00e8s. Una activitat que, ben desenvolupada, aconsegueix posicionar a empreses, productes o serveis com referencials de Comunitat.<\/p>\n<\/div><\/div><\/div><\/div><div class=\"wpb_column vc_column_container service-block vc_col-sm-4  col-xs-mobile-fullwidth\"><div class=\"vc_column-inner \"><div class=\"wpb_wrapper\"><div class=\"last-paragraph-no-margin\"><h4 class=\"service-title\">M\u00e0rqueting d\u2019Influencers<\/h4>\n<div class=\"service-separator\"><\/div>\n<p class=\"service-text\">Una agenda d\u2019Influencers generadora de continguts d\u2019alta visibilitat i engagement per marques, empreses i punts de venda d\u2019infinitat de sectors. Una col\u00b7laboraci\u00f3 que connecta amb el mercat des d\u2019inversions molt accessibles.<\/p>\n<\/div><\/div><\/div><\/div><div class=\"wpb_column vc_column_container vc_col-sm-4  col-xs-mobile-fullwidth\"><div class=\"vc_column-inner \"><div class=\"wpb_wrapper\"><div class=\"last-paragraph-no-margin\"><h4 class=\"service-title\">Inbound M\u00e0rqueting<\/h4>\n<div class=\"service-separator\"><\/div>\n<p class=\"service-text\">Efici\u00e8ncia i mesura premium. Infinitat de formats (correu, telem\u00e0rqueting, punt de venda\u2026) per a una \u00fanica finalitat: desencadenar un resultat en un target concret.<\/p>\n<\/div><\/div><\/div><\/div><\/div><\/div><\/div><\/div><\/section><div class=\"vc_row-full-width vc_clearfix\"><\/div><section data-vc-full-width=\"true\" data-vc-full-width-init=\"false\" data-vc-stretch-content=\"true\" class=\"vc_row wpb_row vc_row-fluid sections-home vc_custom_1708075971002 vc_row-has-fill pofo-stretch-content\"><div class=\"wpb_column vc_column_container vc_col-sm-12  col-xs-mobile-fullwidth text-center md-text-center sm-text-center xs-text-center\"><div class=\"vc_column-inner \"><div class=\"wpb_wrapper\"><div class=\"vc_row wpb_row vc_inner vc_row-fluid   vc_row-o-content-middle vc_row-flex\"><div class=\"wpb_column vc_column_container vc_col-sm-12  col-xs-mobile-fullwidth\"><div class=\"vc_column-inner \"><div class=\"wpb_wrapper\"><div class=\"last-paragraph-no-margin\"><div class=\"page\" title=\"Page 5\">\n<div class=\"section\">\n<div class=\"layoutArea\" style=\"text-align: center;\">\n<div class=\"column\"><\/div>\n<div class=\"page\" title=\"Page 5\">\n<div class=\"section\">\n<div class=\"layoutArea\" style=\"text-align: center;\">\n<div class=\"column\">\n<h2 style=\"color: #062d41;\">CONTACTE<\/h2>\n<\/div>\n<\/div>\n<\/div>\n<\/div>\n<\/div>\n<\/div>\n<\/div>\n<\/div><div class=\" vc_custom_1708086458379 last-paragraph-no-margin\"><h3 style=\"text-align: center; color: #062d41;\">Podem inspirar-te?<\/h3>\n<\/div><div class=\" vc_custom_1708086433266 last-paragraph-no-margin\"><h4 style=\"color: #062d41; font-weight: 500; font-size: 20px; text-align: center; letter-spacing: 3px!important;\"><span style=\"background-color: #fff; padding-left: 20px; padding-right: 20px;\">NOM\u00c9S EXISTEIX UNA RESPOSTA CORRECTA<\/span><\/h4>\n<\/div><div class=\"last-paragraph-no-margin\"><div class=\"contact-line\" style=\"border-color: #062d41!important;\"><\/div>\n<\/div><\/div><\/div><\/div><\/div>[vc_btn title=&#8221;ENVIAR&#8221; shape=&#8221;round&#8221; color=&#8221;white&#8221; align=&#8221;center&#8221; el_class=&#8221;btn-blue&#8221; link=&#8221;url:https%3A%2F%2Fflandecoco.net%2Fca%2Fcontacte|||&#8221;]<\/div><\/div><\/div><\/section><div class=\"vc_row-full-width vc_clearfix\"><\/div>\n<\/div>","protected":false},"excerpt":{"rendered":"M\u00e0rqueting digital SERVEIS Las t\u00e9cnicas de comunicaci\u00f3n estrat\u00e9gica en un entorno digital. Una flaqueza para infinidad de agencias de publicidad que las emplean como un sat\u00e9lite de sus servicios, una fortaleza en FlandeCoco. Social Media La f\u00f3rmula m\u00e9s eficient per arribar al m\u00e0xim nombre de persones des de inversions accessibles. Fins fa molt poc les Xarxes Socials eren les eines del futur, ara s\u00f3n els canals de present. Social Ads Exiliar el simple trasllat d\u2019accions i estrat\u00e8gies del M\u00e0rqueting Offline a les xarxes socials. Les possibilitats en m\u00e0rqueting per arribar a la teva audi\u00e8ncia s\u00f3n millors que mai. Posicionament web SEO i SEM Impulsem a marques i productes fins als primers llocs de les cerques org\u00e0niques. Fins a l\u2019infinit i m\u00e9s enll\u00e0 amb les accions SEO i les estrat\u00e8gies de pagament (SEM) que, en clau d\u2019experi\u00e8ncia, optimitzen la visibilitat i accessibilitat en l\u00ednia de llocs web i campanyes. M\u00e0rqueting de Continguts Cercar, agrupar i compartir de forma cont\u00ednua la informaci\u00f3 rellevant d\u2019un sector o grup d\u2019inter\u00e8s. Una activitat que, ben desenvolupada, aconsegueix posicionar a empreses, productes o serveis com referencials de Comunitat. M\u00e0rqueting d\u2019Influencers Una agenda d\u2019Influencers generadora de continguts d\u2019alta visibilitat i engagement per marques, empreses i punts de...","protected":false},"author":1,"featured_media":0,"parent":37984,"menu_order":0,"comment_status":"closed","ping_status":"closed","template":"","meta":{"footnotes":""},"class_list":["post-37983","page","type-page","status-publish","hentry"],"_links":{"self":[{"href":"https:\/\/flandecoco.net\/ca\/wp-json\/wp\/v2\/pages\/37983","targetHints":{"allow":["GET"]}}],"collection":[{"href":"https:\/\/flandecoco.net\/ca\/wp-json\/wp\/v2\/pages"}],"about":[{"href":"https:\/\/flandecoco.net\/ca\/wp-json\/wp\/v2\/types\/page"}],"author":[{"embeddable":true,"href":"https:\/\/flandecoco.net\/ca\/wp-json\/wp\/v2\/users\/1"}],"replies":[{"embeddable":true,"href":"https:\/\/flandecoco.net\/ca\/wp-json\/wp\/v2\/comments?post=37983"}],"version-history":[{"count":5,"href":"https:\/\/flandecoco.net\/ca\/wp-json\/wp\/v2\/pages\/37983\/revisions"}],"predecessor-version":[{"id":37992,"href":"https:\/\/flandecoco.net\/ca\/wp-json\/wp\/v2\/pages\/37983\/revisions\/37992"}],"up":[{"embeddable":true,"href":"https:\/\/flandecoco.net\/ca\/wp-json\/wp\/v2\/pages\/37984"}],"wp:attachment":[{"href":"https:\/\/flandecoco.net\/ca\/wp-json\/wp\/v2\/media?parent=37983"}],"curies":[{"name":"wp","href":"https:\/\/api.w.org\/{rel}","templated":true}]}}