{"id":37201,"date":"2024-01-12T11:11:04","date_gmt":"2024-01-12T11:11:04","guid":{"rendered":"https:\/\/flandecoco.net\/?page_id=37201"},"modified":"2024-01-19T12:08:46","modified_gmt":"2024-01-19T12:08:46","slug":"serveis-2","status":"publish","type":"page","link":"https:\/\/flandecoco.net\/ca\/serveis-2","title":{"rendered":"Serveis"},"content":{"rendered":"<div class=\"wpb-content-wrapper\"><section class=\"vc_row wpb_row vc_row-fluid  vc_custom_1705416613643 wow fadeInUp vc_row-o-content-middle vc_row-flex\" style=\"min-height: 600px;\"><div class=\"wpb_column vc_column_container vc_col-sm-12  col-xs-mobile-fullwidth\"><div class=\"vc_column-inner \"><div class=\"wpb_wrapper\"><div class=\"vc_row wpb_row vc_inner vc_row-fluid   vc_row-o-content-middle vc_row-flex\"><div class=\"wpb_column vc_column_container vc_col-sm-12  col-xs-mobile-fullwidth\"><div class=\"vc_column-inner \"><div class=\"wpb_wrapper\"><div class=\"m-w-800 last-paragraph-no-margin\"><div class=\"page\" title=\"Page 5\">\n<div class=\"section\">\n<div class=\"layoutArea\" style=\"text-align: center;\">\n<div class=\"column\">\n<h4 style=\"text-align: left; font-weight: 500; font-size: 18px; color: #187cca;\">SERVEIS<\/h4>\n<h1 style=\"text-align: left; color: #1e293b; font-weight: 500;\">Una f\u00f3rmula 360 \u00ba des de la confian\u00e7a i la intimitat d&#8217;un comer\u00e7 de proximitat<\/h1>\n<p style=\"text-align: left; font-size: 18px; line-height: 30px;\">El pool de 8 grans grups de serveis FlandeCoco , permet oferir a les marques i empreses una gesti\u00f3 integral de tots els mitjans a l\u2019abast del seu target.<\/p>\n<\/div>\n<\/div>\n<\/div>\n<\/div>\n<\/div><\/div><\/div><\/div><\/div><\/div><\/div><\/div><\/section><section id=\"row-nosotros\" data-vc-full-width=\"true\" data-vc-full-width-init=\"false\" class=\"vc_row wpb_row vc_row-fluid  vc_custom_1704901638143 bg-position-center-center vc_row-has-fill pofo-stretch-content pofo-stretch-row-container\"><div class=\"wpb_column vc_column_container vc_col-sm-12  col-xs-mobile-fullwidth\"><div class=\"vc_column-inner \"><div class=\"wpb_wrapper\"><div class=\" vc_custom_1705057900336 last-paragraph-no-margin\"><p style=\"font-size: 24px; color: #1e293b; text-align: center;\">Una estrat\u00e8gia de campanya global des de la fragmentaci\u00f3 de canals en diferents formats i amb una estratificaci\u00f3 dels consumidors potencials.<\/p>\n<\/div><\/div><\/div><\/div><\/section><div class=\"vc_row-full-width vc_clearfix\"><\/div><section id=\"row-nosotros\" data-vc-full-width=\"true\" data-vc-full-width-init=\"false\" class=\"vc_row wpb_row vc_row-fluid  vc_custom_1704801750110 bg-position-center-center pofo-stretch-content pofo-stretch-row-container\"><div class=\"wpb_column vc_column_container vc_col-sm-12  col-xs-mobile-fullwidth\"><div class=\"vc_column-inner \"><div class=\"wpb_wrapper\"><div class=\"vc_row wpb_row vc_inner vc_row-fluid\"><div class=\"wpb_column vc_column_container service-block vc_col-sm-3  col-xs-mobile-fullwidth\"><div class=\"vc_column-inner \"><div class=\"wpb_wrapper\">[vc_icon type=&#8221;material&#8221; icon_material=&#8221;vc-material vc-material-youtube_searched_for&#8221;]<div class=\"last-paragraph-no-margin\"><p class=\"service-title\">Consultoria<\/p>\n<p class=\"service-list\">An\u00e0lisi de marca<\/p>\n<p class=\"service-list\">Auditoria de comunicaci\u00f3<\/p>\n<p class=\"service-list\">Assessorament estrat\u00e8gic<\/p>\n<p class=\"service-list\">Relat corporatiu<\/p>\n<p class=\"service-list\">Elaboraci\u00f3 de Pla de Comunicaci\u00f3<\/p>\n<\/div><\/div><\/div><\/div><div class=\"wpb_column vc_column_container service-block vc_col-sm-3  col-xs-mobile-fullwidth\"><div class=\"vc_column-inner \"><div class=\"wpb_wrapper\">[vc_icon type=&#8221;material&#8221; icon_material=&#8221;vc-material vc-material-markunread_mailbox&#8221;]<div class=\"last-paragraph-no-margin\"><p class=\"service-title\">M\u00e0rqueting digital<\/p>\n<p class=\"service-list\">Social Media<\/p>\n<p class=\"service-list\">Social Ads<\/p>\n<p class=\"service-list\">Posicionament web SEO i SEM<\/p>\n<p class=\"service-list\">M\u00e0rqueting de Continguts<\/p>\n<p class=\"service-list\">M\u00e0rqueting d\u2019Influencers<\/p>\n<p class=\"service-list\">M\u00e0rqueting d\u2019Influencers<\/p>\n<\/div><\/div><\/div><\/div><div class=\"wpb_column vc_column_container service-block vc_col-sm-3  col-xs-mobile-fullwidth\"><div class=\"vc_column-inner \"><div class=\"wpb_wrapper\">[vc_icon type=&#8221;material&#8221; icon_material=&#8221;vc-material vc-material-important_devices&#8221;]<div class=\"last-paragraph-no-margin\"><p class=\"service-title\">Desenvolupament web<\/p>\n<p class=\"service-list\">Webs corporatives<\/p>\n<p class=\"service-list\">Ecommerce<\/p>\n<p class=\"service-list\">Portfolis i cat\u00e0legs<\/p>\n<p class=\"service-list\">Microsites i landing pages<\/p>\n<\/div><\/div><\/div><\/div><div class=\"wpb_column vc_column_container service-block vc_col-sm-3  col-xs-mobile-fullwidth\"><div class=\"vc_column-inner \"><div class=\"wpb_wrapper\">[vc_icon type=&#8221;material&#8221; icon_material=&#8221;vc-material vc-material-mode_edit&#8221;]<div class=\"last-paragraph-no-margin\"><p class=\"service-title\">Dise\u00f1o gr\u00e1fico<\/p>\n<p class=\"service-list\">Branding<\/p>\n<p class=\"service-list\">Imatge corporativa<\/p>\n<p class=\"service-list\">Disseny editorial<\/p>\n<p class=\"service-list\">Storytelling<\/p>\n<\/div><\/div><\/div><\/div><\/div><div class=\"vc_row wpb_row vc_inner vc_row-fluid\"><div class=\"wpb_column vc_column_container service-block vc_col-sm-3  col-xs-mobile-fullwidth\"><div class=\"vc_column-inner \"><div class=\"wpb_wrapper\">[vc_icon icon_fontawesome=&#8221;far fa-newspaper&#8221;]<div class=\"last-paragraph-no-margin\"><p class=\"service-title\">Agenda de mitjans<\/p>\n<p class=\"service-list\">Gabinet de Premsa<\/p>\n<p class=\"service-list\">Planificaci\u00f3 de mitjans on i off<\/p>\n<p class=\"service-list\">Relacions P\u00fabliques<\/p>\n<p class=\"service-list\">Branded Content<\/p>\n<p class=\"service-list\">Negociaci\u00f3 i compra de mitjans<\/p>\n<\/div><\/div><\/div><\/div><div class=\"wpb_column vc_column_container service-block vc_col-sm-3  col-xs-mobile-fullwidth\"><div class=\"vc_column-inner \"><div class=\"wpb_wrapper\">[vc_icon type=&#8221;material&#8221; icon_material=&#8221;vc-material vc-material-location_city&#8221;]<div class=\"last-paragraph-no-margin\"><p class=\"service-title\">Espais ef\u00edmers<\/p>\n<p class=\"service-list\">Estand<\/p>\n<p class=\"service-list\">Corner Comercial<\/p>\n<p class=\"service-list\">Aparadorisme<\/p>\n<p class=\"service-list\">Implementaci\u00f3 a botiga<\/p>\n<\/div><\/div><\/div><\/div><div class=\"wpb_column vc_column_container service-block vc_col-sm-3  col-xs-mobile-fullwidth\"><div class=\"vc_column-inner \"><div class=\"wpb_wrapper\">[vc_icon type=&#8221;material&#8221; icon_material=&#8221;vc-material vc-material-event_seat&#8221;]<div class=\"last-paragraph-no-margin\"><p class=\"service-title\">Esdeveniments<\/p>\n<p class=\"service-list\">Street Marketing<\/p>\n<p class=\"service-list\">Fires i Congressos<\/p>\n<p class=\"service-list\">Viatges Empresarials<\/p>\n<p class=\"service-list\">Llan\u00e7ament de Productes<\/p>\n<p class=\"service-list\">Actes Corporatius<\/p>\n<p class=\"service-list\">Regal Promocionall<\/p>\n<\/div><\/div><\/div><\/div><div class=\"wpb_column vc_column_container service-block vc_col-sm-3  col-xs-mobile-fullwidth\"><div class=\"vc_column-inner \"><div class=\"wpb_wrapper\">[vc_icon type=&#8221;material&#8221; icon_material=&#8221;vc-material vc-material-videocam&#8221;]<div class=\"last-paragraph-no-margin\"><p class=\"service-title\">Audiovisuales<\/p>\n<p class=\"service-list\">Grabaci\u00f3n y post-producci\u00f3n<\/p>\n<p class=\"service-list\">Motion Graphics<\/p>\n<p class=\"service-list\">V\u00eddeos Redes Sociales<\/p>\n<p class=\"service-list\">V\u00eddeos Corporativos<\/p>\n<p class=\"service-list\">Realizaci\u00f3n de Spots<\/p>\n<\/div><\/div><\/div><\/div><\/div><\/div><\/div><\/div><\/section><div class=\"vc_row-full-width vc_clearfix\"><\/div>\n<\/div>","protected":false},"excerpt":{"rendered":"SERVEIS Una f\u00f3rmula 360 \u00ba des de la confian\u00e7a i la intimitat d'un comer\u00e7 de proximitat El pool de 8 grans grups de serveis FlandeCoco , permet oferir a les marques i empreses una gesti\u00f3 integral de tots els mitjans a l\u2019abast del seu target. Una estrat\u00e8gia de campanya global des de la fragmentaci\u00f3 de canals en diferents formats i amb una estratificaci\u00f3 dels consumidors potencials. [vc_icon type=\"material\" icon_material=\"vc-material vc-material-youtube_searched_for\"]Consultoria An\u00e0lisi de marca Auditoria de comunicaci\u00f3 Assessorament estrat\u00e8gic Relat corporatiu Elaboraci\u00f3 de Pla de Comunicaci\u00f3 [vc_icon type=\"material\" icon_material=\"vc-material vc-material-markunread_mailbox\"]M\u00e0rqueting digital Social Media Social Ads Posicionament web SEO i SEM M\u00e0rqueting de Continguts M\u00e0rqueting d\u2019Influencers M\u00e0rqueting d\u2019Influencers [vc_icon type=\"material\" icon_material=\"vc-material vc-material-important_devices\"]Desenvolupament web Webs corporatives Ecommerce Portfolis i cat\u00e0legs Microsites i landing pages [vc_icon type=\"material\" icon_material=\"vc-material vc-material-mode_edit\"]Dise\u00f1o gr\u00e1fico Branding Imatge corporativa Disseny editorial Storytelling [vc_icon icon_fontawesome=\"far fa-newspaper\"]Agenda de mitjans Gabinet de Premsa Planificaci\u00f3 de mitjans on i off Relacions P\u00fabliques Branded Content Negociaci\u00f3 i compra de mitjans [vc_icon type=\"material\" icon_material=\"vc-material vc-material-location_city\"]Espais ef\u00edmers Estand Corner Comercial Aparadorisme Implementaci\u00f3 a botiga [vc_icon type=\"material\" icon_material=\"vc-material vc-material-event_seat\"]Esdeveniments Street Marketing Fires i Congressos Viatges Empresarials Llan\u00e7ament de Productes Actes Corporatius Regal Promocionall [vc_icon type=\"material\" icon_material=\"vc-material vc-material-videocam\"]Audiovisuales Grabaci\u00f3n y post-producci\u00f3n Motion Graphics V\u00eddeos Redes Sociales V\u00eddeos Corporativos Realizaci\u00f3n...","protected":false},"author":1,"featured_media":0,"parent":0,"menu_order":0,"comment_status":"closed","ping_status":"closed","template":"","meta":{"footnotes":""},"class_list":["post-37201","page","type-page","status-publish","hentry"],"_links":{"self":[{"href":"https:\/\/flandecoco.net\/ca\/wp-json\/wp\/v2\/pages\/37201","targetHints":{"allow":["GET"]}}],"collection":[{"href":"https:\/\/flandecoco.net\/ca\/wp-json\/wp\/v2\/pages"}],"about":[{"href":"https:\/\/flandecoco.net\/ca\/wp-json\/wp\/v2\/types\/page"}],"author":[{"embeddable":true,"href":"https:\/\/flandecoco.net\/ca\/wp-json\/wp\/v2\/users\/1"}],"replies":[{"embeddable":true,"href":"https:\/\/flandecoco.net\/ca\/wp-json\/wp\/v2\/comments?post=37201"}],"version-history":[{"count":10,"href":"https:\/\/flandecoco.net\/ca\/wp-json\/wp\/v2\/pages\/37201\/revisions"}],"predecessor-version":[{"id":37347,"href":"https:\/\/flandecoco.net\/ca\/wp-json\/wp\/v2\/pages\/37201\/revisions\/37347"}],"wp:attachment":[{"href":"https:\/\/flandecoco.net\/ca\/wp-json\/wp\/v2\/media?parent=37201"}],"curies":[{"name":"wp","href":"https:\/\/api.w.org\/{rel}","templated":true}]}}