{"id":25850,"date":"2019-10-14T08:24:44","date_gmt":"2019-10-14T08:24:44","guid":{"rendered":"https:\/\/flandecoco.net\/?page_id=25850"},"modified":"2024-02-16T11:10:31","modified_gmt":"2024-02-16T11:10:31","slug":"desenvolupament-web","status":"publish","type":"page","link":"https:\/\/flandecoco.net\/ca\/serveis\/desenvolupament-web","title":{"rendered":"DESENVOLUPAMENT WEB"},"content":{"rendered":"<div class=\"wpb-content-wrapper\"><section data-vc-full-width=\"true\" data-vc-full-width-init=\"false\" class=\"vc_row wpb_row vc_row-fluid sections-home vc_custom_1708075790958 bg-position-center-center vc_row-has-fill pofo-stretch-content pofo-stretch-row-container\"><div class=\"wpb_column vc_column_container vc_col-sm-12  col-xs-mobile-fullwidth\"><div class=\"vc_column-inner \"><div class=\"wpb_wrapper\"><div class=\"vc_row wpb_row vc_inner vc_row-fluid  vc_custom_1704990833350 vc_row-o-content-top vc_row-flex\"><div class=\"wpb_column vc_column_container vc_col-sm-12  col-xs-mobile-fullwidth\"><div class=\"vc_column-inner vc_custom_1704990824100\"><div class=\"wpb_wrapper\"><div class=\" vc_custom_1708081734734 last-paragraph-no-margin\"><h3 style=\"text-align: center; color: #1e293b;\">Desenvolupament web<\/h3>\n<\/div><\/div><\/div><\/div><\/div><div class=\"last-paragraph-no-margin\"><div class=\"page\" title=\"Page 5\">\n<div class=\"section\">\n<div class=\"layoutArea\" style=\"text-align: center;\">\n<div class=\"column\"><\/div>\n<div class=\"page\" title=\"Page 5\">\n<div class=\"section\">\n<div class=\"layoutArea\" style=\"text-align: center;\">\n<div class=\"column\">\n<h2>SERVEIS<\/h2>\n<\/div>\n<\/div>\n<\/div>\n<\/div>\n<\/div>\n<\/div>\n<\/div>\n<\/div><div class=\" vc_custom_1708081746121 last-paragraph-no-margin\"><p class=\"service-intro\" style=\"text-align: center;\">No importa la de vegades en les que hagis de fer clic, el que importa \u00e9s que cada clic et descobreixi informacions i continguts d\u2019inter\u00e8s. El Desenvolupament Eeb de FlandeCoco ofereix navegacions online que s\u00f3n la millor experi\u00e8ncia de marca per a l\u2019usuari.<\/p>\n<\/div><div class=\"vc_row wpb_row vc_inner vc_row-fluid\"><div class=\"wpb_column vc_column_container service-block vc_col-sm-4  col-xs-mobile-fullwidth\"><div class=\"vc_column-inner \"><div class=\"wpb_wrapper\"><div class=\"last-paragraph-no-margin\"><h4 class=\"service-title\">WORDPRESS \u2013 CODI A MIDA<\/h4>\n<div class=\"service-separator\"><\/div>\n<p class=\"service-text\">Si per a gustos colors, per necessitats solucions. No hi ha bo o dolent ni clau mestra a l\u2019hora de decidir com desenvolupar un lloc online. Plantilla web o codi a mida, l\u2019elecci\u00f3 FlandeCoco sempre en relaci\u00f3 al que necessita la teva empresa.<\/p>\n<\/div><\/div><\/div><\/div><div class=\"wpb_column vc_column_container service-block vc_col-sm-4  col-xs-mobile-fullwidth\"><div class=\"vc_column-inner \"><div class=\"wpb_wrapper\"><div class=\"last-paragraph-no-margin\"><h4 class=\"service-title\">ECOMMERCE<\/h4>\n<div class=\"service-separator\"><\/div>\n<p class=\"service-text\">\u00c0gil, segura i eficient: la compravenda de productes i serveis a un clic a la pantalla o el dispositiu. A web, xarxes socials o d\u2019altres canals, vitamina e-commerce per a una salut de ferro a negocis i comer\u00e7os.<\/p>\n<\/div><\/div><\/div><\/div><div class=\"wpb_column vc_column_container service-block vc_col-sm-4  col-xs-mobile-fullwidth\"><div class=\"vc_column-inner \"><div class=\"wpb_wrapper\"><div class=\"last-paragraph-no-margin\"><h4 class=\"service-title\">CRM A MIDA<\/h4>\n<div class=\"service-separator\"><\/div>\n<p class=\"service-text\">Un vestit a mida amb les funcionalitats adequades per mantenir-lo senzill i \u00fatil alhora.<\/p>\n<\/div><\/div><\/div><\/div><\/div><\/div><\/div><\/div><\/section><div class=\"vc_row-full-width vc_clearfix\"><\/div><section data-vc-full-width=\"true\" data-vc-full-width-init=\"false\" data-vc-stretch-content=\"true\" class=\"vc_row wpb_row vc_row-fluid sections-home vc_custom_1708081534347 vc_row-has-fill pofo-stretch-content\"><div class=\"wpb_column vc_column_container vc_col-sm-12  col-xs-mobile-fullwidth text-center md-text-center sm-text-center xs-text-center\"><div class=\"vc_column-inner \"><div class=\"wpb_wrapper\"><div class=\"vc_row wpb_row vc_inner vc_row-fluid   vc_row-o-content-middle vc_row-flex\"><div class=\"wpb_column vc_column_container vc_col-sm-12  col-xs-mobile-fullwidth\"><div class=\"vc_column-inner \"><div class=\"wpb_wrapper\"><div class=\"last-paragraph-no-margin\"><div class=\"page\" title=\"Page 5\">\n<div class=\"section\">\n<div class=\"layoutArea\" style=\"text-align: center;\">\n<div class=\"column\"><\/div>\n<div class=\"page\" title=\"Page 5\">\n<div class=\"section\">\n<div class=\"layoutArea\" style=\"text-align: center;\">\n<div class=\"column\">\n<h2 style=\"color: #062d41;\">CONTACTE<\/h2>\n<\/div>\n<\/div>\n<\/div>\n<\/div>\n<\/div>\n<\/div>\n<\/div>\n<\/div><div class=\" vc_custom_1708079826687 last-paragraph-no-margin\"><h3 style=\"text-align: center; color: #062d41;\">Podem inspirar-te?<\/h3>\n<\/div><div class=\" vc_custom_1708080147074 last-paragraph-no-margin\"><h4 style=\"color: #062d41; font-weight: 500; font-size: 20px; text-align: center; letter-spacing: 3px!important;\"><span style=\"background-color: #fff; padding-left: 20px; padding-right: 20px;\">NOM\u00c9S EXISTEIX UNA RESPOSTA CORRECTA<\/span><\/h4>\n<\/div><div class=\"last-paragraph-no-margin\"><div class=\"contact-line\" style=\"border-color: #062d41!important;\"><\/div>\n<\/div><\/div><\/div><\/div><\/div>[vc_btn title=&#8221;ENVIAR&#8221; shape=&#8221;round&#8221; color=&#8221;white&#8221; align=&#8221;center&#8221; el_class=&#8221;btn-blue&#8221; link=&#8221;url:https%3A%2F%2Fflandecoco.net%2Fcontacto|||&#8221;]<\/div><\/div><\/div><\/section><div class=\"vc_row-full-width vc_clearfix\"><\/div>\n<\/div>","protected":false},"excerpt":{"rendered":"Desenvolupament web SERVEIS No importa la de vegades en les que hagis de fer clic, el que importa \u00e9s que cada clic et descobreixi informacions i continguts d\u2019inter\u00e8s. El Desenvolupament Eeb de FlandeCoco ofereix navegacions online que s\u00f3n la millor experi\u00e8ncia de marca per a l\u2019usuari. WORDPRESS \u2013 CODI A MIDA Si per a gustos colors, per necessitats solucions. No hi ha bo o dolent ni clau mestra a l\u2019hora de decidir com desenvolupar un lloc online. Plantilla web o codi a mida, l\u2019elecci\u00f3 FlandeCoco sempre en relaci\u00f3 al que necessita la teva empresa. ECOMMERCE \u00c0gil, segura i eficient: la compravenda de productes i serveis a un clic a la pantalla o el dispositiu. A web, xarxes socials o d\u2019altres canals, vitamina e-commerce per a una salut de ferro a negocis i comer\u00e7os. CRM A MIDA Un vestit a mida amb les funcionalitats adequades per mantenir-lo senzill i \u00fatil alhora. CONTACTE Podem inspirar-te? NOM\u00c9S EXISTEIX UNA RESPOSTA CORRECTA [vc_btn title=\"ENVIAR\" shape=\"round\" color=\"white\" align=\"center\" el_class=\"btn-blue\" link=\"url:https%3A%2F%2Fflandecoco.net%2Fcontacto|||\"]","protected":false},"author":1,"featured_media":0,"parent":37984,"menu_order":0,"comment_status":"closed","ping_status":"closed","template":"","meta":{"footnotes":""},"class_list":["post-25850","page","type-page","status-publish","hentry"],"_links":{"self":[{"href":"https:\/\/flandecoco.net\/ca\/wp-json\/wp\/v2\/pages\/25850","targetHints":{"allow":["GET"]}}],"collection":[{"href":"https:\/\/flandecoco.net\/ca\/wp-json\/wp\/v2\/pages"}],"about":[{"href":"https:\/\/flandecoco.net\/ca\/wp-json\/wp\/v2\/types\/page"}],"author":[{"embeddable":true,"href":"https:\/\/flandecoco.net\/ca\/wp-json\/wp\/v2\/users\/1"}],"replies":[{"embeddable":true,"href":"https:\/\/flandecoco.net\/ca\/wp-json\/wp\/v2\/comments?post=25850"}],"version-history":[{"count":10,"href":"https:\/\/flandecoco.net\/ca\/wp-json\/wp\/v2\/pages\/25850\/revisions"}],"predecessor-version":[{"id":37967,"href":"https:\/\/flandecoco.net\/ca\/wp-json\/wp\/v2\/pages\/25850\/revisions\/37967"}],"up":[{"embeddable":true,"href":"https:\/\/flandecoco.net\/ca\/wp-json\/wp\/v2\/pages\/37984"}],"wp:attachment":[{"href":"https:\/\/flandecoco.net\/ca\/wp-json\/wp\/v2\/media?parent=25850"}],"curies":[{"name":"wp","href":"https:\/\/api.w.org\/{rel}","templated":true}]}}