{"id":25301,"date":"2019-07-22T15:20:01","date_gmt":"2019-07-22T15:20:01","guid":{"rendered":"https:\/\/flandecoco.net\/?page_id=25301"},"modified":"2025-07-01T07:40:53","modified_gmt":"2025-07-01T07:40:53","slug":"politica-de-xarxes-socials","status":"publish","type":"page","link":"https:\/\/flandecoco.net\/ca\/politica-de-xarxes-socials","title":{"rendered":"POLITICA DE XARXES SOCIALS"},"content":{"rendered":"<div class=\"wpb-content-wrapper\"><section id=\"row-subtitulos\" data-vc-full-width=\"true\" data-vc-full-width-init=\"false\" class=\"vc_row wpb_row vc_row-fluid  vc_custom_1547139474221 wow fadeIn pofo-stretch-content pofo-stretch-row-container vc_row-o-content-top vc_row-flex\"><div class=\"wpb_column vc_column_container vc_col-sm-12 vc_col-xs-12 wow fadeIn pofo-column-responsive-69feba9413a7a\"><div class=\"vc_column-inner \"><div class=\"wpb_wrapper\"><div class=\"last-paragraph-no-margin\"><ol>\n<li style=\"text-align: left;\"><strong> INFORMACI\u00d3 A LA PERSONA USU\u00c0RIA<\/strong><\/li>\n<\/ol>\n<p style=\"text-align: left;\"><strong>Qui \u00e9s el responsable del tractament de les seves dades personals?<\/strong><\/p>\n<p style=\"text-align: left;\">TROY&amp;MACCLURE, S.L. ser\u00e0 el responsable del tractament de les dades personals d\u2019aquelles PERSONES que han procedit a crear un perfil en qualsevol de les seves xarxes socials. Les mateixes seran tractades de conformitat amb el que es disposa en el Reglament (UE) 2016\/679, de 27 d\u2019abril (GDPR), la Llei org\u00e0nica 3\/2018, de 5 de desembre (LOPDGDD), i la Llei de Serveis de la Societat de la Informaci\u00f3 i Comer\u00e7 Electr\u00f2nic (LSSI), facilitant la seg\u00fcent informaci\u00f3 del tractament:<\/p>\n<p style=\"text-align: left;\"><strong>Per a qu\u00e8 tractem les seves dades personals?<\/strong><\/p>\n<p style=\"text-align: left;\"><strong>Finalitat del tractament: <\/strong>per a mantenir una relaci\u00f3 entre la PERSONA USU\u00c0RIA i TROY&amp;MACCLURE, S.L. (d\u2019ara endavant el RESPONSABLE) que pot incloure les seg\u00fcents operacions:<\/p>\n<ul style=\"text-align: left;\">\n<li>Tramitar sol\u00b7licituds i consultes plantejades al responsable<\/li>\n<li>Informar sobre activitats i esdeveniments organitzats pel responsable<\/li>\n<li>Informar sobre productes o serveis oferts pel responsable<\/li>\n<li>Interactuar a trav\u00e9s dels perfils oficials<\/li>\n<\/ul>\n<p style=\"text-align: left;\">Quan el RESPONSABLE recopili i tracti dades personals a trav\u00e9s de les seves xarxes socials, les PERSONES USU\u00c0RIES seran informades sobre la finalitat de la recopilaci\u00f3 de dades, aix\u00ed com sobre els seus drets en relaci\u00f3 a les seves dades personals. Les dades personals s\u2019utilitzaran \u00fanicament per als fins indicats i es mantindran de manera segura.<\/p>\n<p style=\"text-align: left;\"><strong>Base Jur\u00eddica del Tractament: <\/strong>el consentiment expl\u00edcit atorgat per la PERSONA USU\u00c0RIA per al tractament de les seves dades personals per a un o diversos fins espec\u00edfics (article 6.1.a GDPR).<\/p>\n<p style=\"text-align: left;\">D\u2019altra banda, la PERSONA USU\u00c0RIA pot accedir en tot moment a les pol\u00edtiques de privacitat de la pr\u00f2pia xarxa social, aix\u00ed com configurar el seu perfil per a garantir la seva privacitat.<\/p>\n<p style=\"text-align: left;\"><strong>Durant quant temps guardarem les seves dades personals?<\/strong><\/p>\n<p style=\"text-align: left;\"><strong>Criteris de conservaci\u00f3 de les dades: <\/strong>es conservaran mentre la PERSONA USU\u00c0RIA no revoqui el consentiment prestat tal com s\u2019indica en aquesta pol\u00edtica de privacitat.<\/p>\n<p style=\"text-align: left;\"><strong>A qui facilitem les seves dades personals?<\/strong><\/p>\n<p style=\"text-align: left;\"><strong>Comunicaci\u00f3 de les dades: <\/strong>la informaci\u00f3 facilitada per la PERSONA USU\u00c0RIA a trav\u00e9s de les xarxes socials del RESPONSABLE, inclosos les seves dades personals, pot ser publicada, sempre en funci\u00f3 dels serveis que la PERSONA USU\u00c0RIA utilitzi. Per la qual cosa, podr\u00e0 quedar a disposici\u00f3 p\u00fablica d\u2019uns altres tercers usuaris de les xarxes socials. Des del perfil de cada xarxa social, la PERSONA USU\u00c0RIA pot configurar quina informaci\u00f3 vol fer p\u00fablica en cada cas, veure els permisos que s\u2019han concedit, eliminar-los o desactivar-los, com qualsevol aplicaci\u00f3 d\u2019un tercer que ja no es desitja utilitzar.<\/p>\n<p style=\"text-align: left;\">No obstant aix\u00f2, no est\u00e0 prevista cap comunicaci\u00f3 de dades personals a tercers fora de la xarxa social, excepte, si fos imprescindible per al desenvolupament i execuci\u00f3 de les finalitats del tractament, als nostres prove\u00efdors de serveis relacionats amb comunicacions, amb els quals el RESPONSABLE t\u00e9 subscrits els contractes de confidencialitat i d\u2019encarregat de tractament exigits per la normativa vigent de privacitat.<\/p>\n<p style=\"text-align: left;\"><strong>Quins s\u00f3n els seus drets?<\/strong><\/p>\n<p style=\"text-align: left;\"><strong>Drets que assisteixen a la PERSONA USU\u00c0RIA: <\/strong>nom\u00e9s podran satisfer-se en relaci\u00f3 a aquella informaci\u00f3 que es trobi sota el control del RESPONSABLE.<\/p>\n<ul style=\"text-align: left;\">\n<li>Dret a retirar el consentiment en qualsevol moment.<\/li>\n<\/ul>\n<ul style=\"text-align: left;\">\n<li>Dret d\u2019acc\u00e9s, rectificaci\u00f3, portabilitat i supressi\u00f3 de les seves dades, i de limitaci\u00f3 o oposici\u00f3 al seu tractament.<\/li>\n<li>Dret a presentar una reclamaci\u00f3 davant l\u2019autoritat de control (www.aepd.es) si considera que el tractament no s\u2019ajusta a la normativa vigent.<\/li>\n<\/ul>\n<p style=\"text-align: left;\">Dades de contacte per a exercir els seus drets:<\/p>\n<p style=\"text-align: left;\">TROY&amp;MACCLURE, S.L. &#8211; C\/ D\u2019EN VIDALET, LOCAL 5, 55 &#8211; 08012 BARCELONA (Barcelona). E-mail: info@flandecoco.net<\/p>\n<p style=\"text-align: left;\">La pol\u00edtica de privacitat completa es troba disponible en flandecoco.net<\/p>\n<ol style=\"text-align: left;\" start=\"2\">\n<li><strong> UTILITZACI\u00d3 DEL PERFIL<\/strong><\/li>\n<\/ol>\n<p style=\"text-align: left;\">El RESPONSABLE realitzar\u00e0 les seg\u00fcents actuacions:<\/p>\n<ul style=\"text-align: left;\">\n<li>Acc\u00e9s a la informaci\u00f3 p\u00fablica del perfil.<\/li>\n<li>Publicaci\u00f3 en el perfil de la PERSONA USU\u00c0RIA de tota aquella informaci\u00f3 ja publicada en la xarxa social del RESPONSABLE.<\/li>\n<li>Enviar missatges personals i individuals a trav\u00e9s dels canals de la xarxa social.<\/li>\n<li>Actualitzacions de l\u2019estat de la p\u00e0gina que es publicaran en el perfil de la PERSONA USU\u00c0RIA.<\/li>\n<\/ul>\n<p style=\"text-align: left;\">La PERSONA USU\u00c0RIA sempre pot controlar les seves connexions, eliminar els continguts que deixin d\u2019interessar-li i restringir amb qui comparteix les seves connexions; per a aix\u00f2 haur\u00e0 d\u2019accedir a la seva configuraci\u00f3 on trobar\u00e0 diferents possibilitats de configuraci\u00f3 en relaci\u00f3 al grau de privacitat del perfil d\u2019usuari en la xarxa social.<\/p>\n<ol style=\"text-align: left;\" start=\"3\">\n<li><strong>PUBLICACIONS<\/strong><\/li>\n<\/ol>\n<p style=\"text-align: left;\">L\u2019objecte de les xarxes socials, \u00e9s donar visibilitat i difusi\u00f3 a les activitats que desenvolupa el RESPONSABLE. Aquestes eines emmagatzemen dades personals en els servidors dels serveis respectius i es regeixen per la seva pr\u00f2pia pol\u00edtica de privacitat.<\/p>\n<p style=\"text-align: left;\">La PERSONA USU\u00c0RIA, una vegada sigui seguidora o s\u2019hagi unit a la xarxa social del RESPONSABLE, podr\u00e0 publicar en aquesta, comentaris, enlla\u00e7os, imatges, fotografies o qualsevol altre tipus de contingut multim\u00e8dia suportat per aquesta. La PERSONA USU\u00c0RIA en tots els casos, ha de ser la titular del contingut publicat, gaudir dels drets d\u2019autor i de propietat intel\u00b7lectual o comptar amb el consentiment dels tercers afectats.<\/p>\n<p style=\"text-align: left;\">Es prohibeix expressament qualsevol publicaci\u00f3 en la xarxa social, ja siguin textos, gr\u00e0fics, fotografies, v\u00eddeos, etc. que atemptin o siguin susceptibles d\u2019atemptar contra la moral, l\u2019\u00e8tica, el bon gust o el dec\u00f2rum, i\/o que infringeixin, violin o infringeixin els drets de propietat intel\u00b7lectual o industrial, el dret a la imatge o la Llei. No es toleraran comentaris o contingut ofensiu, difamatori, il\u00b7legal o inapropiat en els perfils de l\u2019empresa. L\u2019Empresa es reserva el dret d\u2019eliminar aquests comentaris o contingut i bloquejar als usuaris responsables.<\/p>\n<p style=\"text-align: left;\">En aquests casos, el RESPONSABLE es reserva el dret a retirar immediatament el contingut, sense comunicaci\u00f3 pr\u00e8via, podent sol\u00b7licitar el bloqueig permanent de la PERSONA USU\u00c0RIA.<\/p>\n<p style=\"text-align: left;\">El RESPONSABLE no es far\u00e0 responsable dels continguts que lliurement ha publicat la PERSONA USU\u00c0RIA.<\/p>\n<p style=\"text-align: left;\">La PERSONA USU\u00c0RIA ha de tenir present que les seves publicacions seran conegudes per altres usuaris, per la qual cosa ell mateix \u00e9s el principal responsable de la seva privacitat.<\/p>\n<p style=\"text-align: left;\">Les imatges que puguin publicar-se en la xarxa social no seran emmagatzemades en cap fitxer per part del RESPONSABLE, per\u00f2 si que romandran en la xarxa social.<\/p>\n<ol style=\"text-align: left;\" start=\"4\">\n<li><strong> DADES DE MENORS D\u2019EDAT O PERSONES AMB CAPACITATS ESPECIALS<\/strong><\/li>\n<\/ol>\n<p style=\"text-align: left;\">Es recomana la revisi\u00f3 i la lectura de les condicions d\u2019\u00fas i pol\u00edtica de privacitat de cada xarxa social en el moment de registre, tenint en compte els diferents requisits d\u2019edat per a la realitzaci\u00f3 d\u2019aquest.<\/p>\n<p style=\"text-align: left;\">Aix\u00ed mateix, el RESPONSABLE quedar\u00e0 expressament exonerat de qualsevol responsabilitat que pogu\u00e9s derivar-se de l\u2019\u00fas de les xarxes socials per part de menors o persones amb capacitats especials i l\u2019acc\u00e9s de les quals hauria de realitzar-se sota la supervisi\u00f3 i control dels seus representants legals.<\/p>\n<p style=\"text-align: left;\">El RESPONSABLE es reserva el dret de modificar aquesta pol\u00edtica en qualsevol moment. Els canvis seran comunicats a trav\u00e9s dels nostres perfils de xarxes socials i\/o el nostre lloc web.<\/p>\n<\/div><\/div><\/div><\/div><\/section><div class=\"vc_row-full-width vc_clearfix\"><\/div><section id=\"row-accordion\" data-vc-full-width=\"true\" data-vc-full-width-init=\"false\" data-vc-stretch-content=\"true\" class=\"vc_row wpb_row vc_row-fluid   pofo-stretch-content vc_row-no-padding\"><div class=\"wpb_column vc_column_container vc_col-sm-12  col-xs-mobile-fullwidth\"><div class=\"vc_column-inner \"><div class=\"wpb_wrapper\"><div class=\"panel-group accordion-style1\" id=\"accordion-landings-1\" ><div class=\"panel text-left\">\n                                        <div class=\"panel-heading \">\n                                            <a data-toggle=\"collapse\" data-parent=\"#accordion-landings-1\" href=\"#accordion-one-link-1\">\n                                                <div class=\"panel-title font-weight-500 text-extra-dark-gray\">\n                                                    I AIX\u00cd \u00c9S COM ES FA EL SEO  ><span class=\"pull-right\"><i class=\"ti-plus\"><\/i><\/span>\n                                                <\/div>\n                                            <\/a>\n                                        <\/div>\n                                        <div id=\"accordion-one-link-1\" class=\"panel-collapse collapse \">\n                                            <div class=\"panel-body \"><div class=\"container-landings\" >\n<p><a href=\"seo\/ca\/agencia-de-comunicacio-immobiliaria-a-barcelona\/\">Ag\u00e8ncia de Comunicaci\u00f3 Immobili\u00e0ria a Barcelona<\/a><br \/>\n <a href=\"seo\/ca\/agencia-de-comunicacio-a-barcelona\/\">Ag\u00e8ncia de Comunicaci\u00f3 a Barcelona<\/a><br \/>\n<a href=\"seo\/ca\/dissenyar-el-millor-aparador-a-barcelona\/\">Dissenyar el millor aparador a Barcelona<\/a><br \/>\n<a href=\"seo\/ca\/marqueting-i-publicitat-a-barcelona\/\">Marqueting i Publicitat a Barcelona<\/a><br \/>\n <a href=\"seo\/ca\/contractar-una-agencia-de-publicidad-en-barcelona\/\">Contractar una ag\u00e8ncia de publicidad en Barcelona<\/a><br \/>\n<a href=\"seo\/ca\/disseny-de-fulletons-a-barcelona\/\">Disseny de fullet\u00f3ns a Barcelona<\/a><br \/>\n <a href=\"seo\/ca\/disseny-de-catalegs-barcelona\/\">Disseny de cat\u00e0legs Barcelona<\/a><br \/>\n <a href=\"\/seo\/ca\/dissenyar-un-fulleto-a-barcelona\/\">Dissenyar un fullet\u00f3 a Barcelona<\/a><br \/>\n <a href=\"\/seo\/ca\/dissenyar-un-cataleg-barcelona\/\">Dissenyar un cat\u00e0leg Barcelona<\/a><br \/>\n <a href=\"seo\/ca\/disseny-de-targetes-de-visita-barcelona\/\">Disseny de targetes de visita Barcelona<\/a><br \/>\n <a href=\"seo\/ca\/agencia-de-publicitat-a-barcelona\/\">Ag\u00e8ncia de Publicitat a Barcelona<\/a><br \/>\n<a href=\"seo\/ca\/agencies-de-publicitat\/\">Ag\u00e8ncies de Publicitat<\/a><br \/>\n<a href=\"seo\/ca\/\/idees-per-a-temps-de-crisis\/\">Idees per a temps de crisis<\/a><br \/>\n<a href=\"seo\/ca\/publicitat-anticrisis\/\">Publicitat anticrisis<\/a><br \/>\n<a href=\"seo\/ca\/agencia-de-creativitat-i-esdeveniments-a-barcelona\/\">Ag\u00e8ncia de creativitat i esdeveniments a Barcelona<a><br \/>\n<a href=\"seo\/ca\/flashmobs-en-barcelona\/\">Flashmobs en Barcelona<\/a><br \/>\n<a href=\"seo\/ca\/creativitat-i-esdeveniments-barcelona\/\">Creativitat i esdeveniments Barcelona<\/a><br \/>\n<a href=\"seo\/ca\/dissenyar-un-stand-a-barcelona\/\">Dissenyar un Stand a Barcelona<\/a><br \/>\n<a href=\"seo\/ca\/street-marketing-a-barcelona\/\">Street Marketing a Barcelona<\/a><br \/>\n <a href=\"seo\/ca\/disseny-de-pagines-web-barcelona\/\">Disseny de p\u00e0gines Web Barcelona<\/a><br \/>\n<a href=\"seo\/ca\/disseny-de-stands-a-barcelona\/\">Disseny de Stands a Barcelona<\/a><br \/>\n<a href=\"seo\/ca\/agencia-de-creativitat-a-barcelona\/\">Ag\u00e8ncia de Creativitat a Barcelona<\/a><br \/>\n<a href=\"seo\/ca\/agencia-de-marqueting-i-comunicacio-a-barcelona\/\">Ag\u00e8ncia de m\u00e0rqueting i comunicaci\u00f3 a Barcelona<\/a><br \/>\n <a href=\"seo\/ca\/imatge-corporativa-a-barcelona\/\">Imatge Corporativa a Barcelona<\/a><br \/>\n<a href=\"seo\/ca\/organitzacio-desdeveniments-a-barcelona\/\">Organitzaci\u00f3 d\u2019esdeveniments a Barcelona<\/a><br \/>\n <a href=\"seo\/ca\/disseny-grafic-a-barcelona\/\">Disseny gr\u00e0fic a Barcelona<\/a><br \/>\n <a href=\"seo\/ca\/agencia-desdeveniments-assequible-a-barcelona\/\">Ag\u00e8ncia d\u2019esdeveniments assequible a Barcelona<\/a><br \/>\n <a href=\"seo\/ca\/agencia-desdeveniments-a-barcelona\/\">Ag\u00e8ncia d\u2019esdeveniments a Barcelona<\/a><\/p><\/div>\n<\/div>\n                                        <\/div>\n                                    <\/div><\/div><\/div><\/div><\/div><\/section><div class=\"vc_row-full-width vc_clearfix\"><\/div>\n<\/div>","protected":false},"excerpt":{"rendered":"INFORMACI\u00d3 A LA PERSONA USU\u00c0RIA Qui \u00e9s el responsable del tractament de les seves dades personals? TROY&amp;MACCLURE, S.L. ser\u00e0 el responsable del tractament de les dades personals d\u2019aquelles PERSONES que han procedit a crear un perfil en qualsevol de les seves xarxes socials. Les mateixes seran tractades de conformitat amb el que es disposa en el Reglament (UE) 2016\/679, de 27 d\u2019abril (GDPR), la Llei org\u00e0nica 3\/2018, de 5 de desembre (LOPDGDD), i la Llei de Serveis de la Societat de la Informaci\u00f3 i Comer\u00e7 Electr\u00f2nic (LSSI), facilitant la seg\u00fcent informaci\u00f3 del tractament: Per a qu\u00e8 tractem les seves dades personals? Finalitat del tractament: per a mantenir una relaci\u00f3 entre la PERSONA USU\u00c0RIA i TROY&amp;MACCLURE, S.L. (d\u2019ara endavant el RESPONSABLE) que pot incloure les seg\u00fcents operacions: Tramitar sol\u00b7licituds i consultes plantejades al responsable Informar sobre activitats i esdeveniments organitzats pel responsable Informar sobre productes o serveis oferts pel responsable Interactuar a trav\u00e9s dels perfils oficials Quan el RESPONSABLE recopili i tracti dades personals a trav\u00e9s de les seves xarxes socials, les PERSONES USU\u00c0RIES seran informades sobre la finalitat de la recopilaci\u00f3 de dades, aix\u00ed com sobre els seus drets en relaci\u00f3 a les seves dades personals. Les dades personals s\u2019utilitzaran...","protected":false},"author":1,"featured_media":0,"parent":0,"menu_order":0,"comment_status":"closed","ping_status":"closed","template":"","meta":{"footnotes":""},"class_list":["post-25301","page","type-page","status-publish","hentry"],"_links":{"self":[{"href":"https:\/\/flandecoco.net\/ca\/wp-json\/wp\/v2\/pages\/25301","targetHints":{"allow":["GET"]}}],"collection":[{"href":"https:\/\/flandecoco.net\/ca\/wp-json\/wp\/v2\/pages"}],"about":[{"href":"https:\/\/flandecoco.net\/ca\/wp-json\/wp\/v2\/types\/page"}],"author":[{"embeddable":true,"href":"https:\/\/flandecoco.net\/ca\/wp-json\/wp\/v2\/users\/1"}],"replies":[{"embeddable":true,"href":"https:\/\/flandecoco.net\/ca\/wp-json\/wp\/v2\/comments?post=25301"}],"version-history":[{"count":8,"href":"https:\/\/flandecoco.net\/ca\/wp-json\/wp\/v2\/pages\/25301\/revisions"}],"predecessor-version":[{"id":25308,"href":"https:\/\/flandecoco.net\/ca\/wp-json\/wp\/v2\/pages\/25301\/revisions\/25308"}],"wp:attachment":[{"href":"https:\/\/flandecoco.net\/ca\/wp-json\/wp\/v2\/media?parent=25301"}],"curies":[{"name":"wp","href":"https:\/\/api.w.org\/{rel}","templated":true}]}}