{"id":23289,"date":"2019-01-28T12:53:02","date_gmt":"2019-01-28T12:53:02","guid":{"rendered":"http:\/\/flandecoco.net\/?page_id=23289"},"modified":"2019-03-21T11:12:13","modified_gmt":"2019-03-21T11:12:13","slug":"politica-de-privacitat","status":"publish","type":"page","link":"https:\/\/flandecoco.net\/ca\/politica-de-privacitat","title":{"rendered":"POL\u00cdTICA DE PRIVACITAT"},"content":{"rendered":"<div class=\"wpb-content-wrapper\"><section id=\"row-subtitulos\" data-vc-full-width=\"true\" data-vc-full-width-init=\"false\" class=\"vc_row wpb_row vc_row-fluid  vc_custom_1547139474221 wow fadeIn pofo-stretch-content pofo-stretch-row-container vc_row-o-content-top vc_row-flex\"><div class=\"wpb_column vc_column_container vc_col-sm-12 vc_col-xs-12 wow fadeIn pofo-column-responsive-69d72ac97e766\"><div class=\"vc_column-inner \"><div class=\"wpb_wrapper\"><div class=\"last-paragraph-no-margin\"><div class=\"page\" title=\"Page 5\">\n<div class=\"section\">\n<div class=\"layoutArea\" style=\"text-align: center;\">\n<div>\n<div class=\"page\" title=\"Page 1\">\n<div class=\"layoutArea\">\n<div class=\"column\">\n<p style=\"text-align: left;\"><strong>RESPONSABLE DEL TRACTAMENT<\/strong><\/p>\n<\/div>\n<\/div>\n<\/div>\n<\/div>\n<div class=\"column\" style=\"text-align: left;\">L\u2019empresa responsable del tractament de les seves dades en virtut d\u2019aquesta Pol\u00edtica de privacitat \u00e9s:<\/div>\n<div class=\"column\" style=\"text-align: left;\">TROY&amp;MACCLURE, S.L.<\/div>\n<div class=\"column\" style=\"text-align: left;\">NIF: B64600331<\/div>\n<div class=\"column\" style=\"text-align: left;\">Domicili: C\/ D\u2019EN VIDALET, LOCAL 5, 55 &#8211; 08012 BARCELONA (Barcelona)<br \/>\nDirecci\u00f3 de correu electr\u00f2nic: sonia@flandecoco.net<\/div>\n<div class=\"column\" style=\"text-align: left;\">\u2028Web: www.flandecoco.net<\/div>\n<div class=\"column\" style=\"text-align: left;\">Tel\u00e8fon: 932855311<\/div>\n<div class=\"column\" style=\"text-align: left;\">En TROY&amp;MACCLURE, S.L., reconeixem la import\u00e0ncia de protegir la seva informaci\u00f3 personal i estem compromesos a tractar-la amb responsabilitat i de conformitat amb les lleis de protecci\u00f3 de dades.<br \/>\nLa present pol\u00edtica de privacitat pret\u00e9n regular tots els aspectes relatius al tractament de dades dels diferents usuaris que naveguen o faciliten les seves a trav\u00e9s dels diferents formularis situats en la web.<\/div>\n<\/div>\n<\/div>\n<\/div>\n<\/div><div class=\"last-paragraph-no-margin\"><div class=\"page\" title=\"Page 5\">\n<div class=\"section\">\n<div class=\"layoutArea\" style=\"text-align: center;\">\n<div>\n<div class=\"page\" title=\"Page 1\">\n<div class=\"layoutArea\">\n<div class=\"column\">\n<p>&nbsp;<\/p>\n<p style=\"text-align: left;\"><strong>Dades Personals<\/strong><\/p>\n<\/div>\n<\/div>\n<\/div>\n<\/div>\n<div class=\"column\" style=\"text-align: left;\">Una dada personal, \u00e9s la informaci\u00f3 que l&#8217;identifica o el fa identificable. A trav\u00e9s de la web, en les caselles establertes a tal efecte recollim les dades personals que l&#8217;usuari ens comunica: Nom, cognoms, correu electr\u00f2nic, tel\u00e8fon, direcci\u00f3 postal, poblaci\u00f3, etc.\u2028La visita de l&#8217;usuari a la web no implica que hagi de facilitar cap informaci\u00f3 sobre les seves dades personals. No obstant aix\u00f2, en cas de facilitar-les, les dades seran tractades de forma l\u00edcita de conformitat en tot moment als principis i drets recollits en el RGPD 2016\/679 de 26 d&#8217;abril i la LOPDGDD 3\/2018 del 5 de desembre.<\/div>\n<\/div>\n<\/div>\n<\/div>\n<\/div><div class=\"last-paragraph-no-margin\"><div class=\"page\" title=\"Page 5\">\n<div class=\"section\">\n<div class=\"layoutArea\" style=\"text-align: center;\">\n<div>\n<div class=\"page\" title=\"Page 1\">\n<div class=\"layoutArea\">\n<div class=\"column\">\n<p>&nbsp;<\/p>\n<p style=\"text-align: left;\"><strong>Finalitat, duraci\u00f3 i legitimaci\u00f3 del tractament:<\/strong><\/p>\n<\/div>\n<\/div>\n<\/div>\n<\/div>\n<div class=\"column\" style=\"text-align: left;\">Les dades que l\u2019usuari ens proporcioni les tractarem amb les seg\u00fcents finalitats:<br \/>\nAtendre la sol\u00b7licitud o petici\u00f3 realitzada per l\u2019usuari a trav\u00e9s del <strong>formulari de contacte<\/strong> situat a la web. Recollim i tractem les dades personals de l\u2019usuari per poder tramitar i gestionar la seva sol\u00b7licitud, una consulta o qualsevol petici\u00f3 que realitza a trav\u00e9s del formulari. Aquestes dades les conservem durant el temps necessari per complir la seva petici\u00f3 i durant el temps establert per la llei amb una duraci\u00f3 m\u00ednima de 3 anys.<\/div>\n<div class=\"column\" style=\"text-align: left;\">La base de legitimaci\u00f3 del tractament de les dades ser\u00e0 el consentiment que atorga l\u2019usuari en seleccionar la casella d\u2019acceptaci\u00f3 de la nostra pol\u00edtica de privacitat abans d\u2019enviar la petici\u00f3. L\u2019usuari t\u00e9 dret a revocar el seu consentiment en qualsevol moment sense que aix\u00f2 afecti la licitud del tractament basat en el consentiment previ a la seva retirada.<\/div>\n<div style=\"text-align: left;\"><\/div>\n<div class=\"column\" style=\"text-align: left;\">Gestionar l\u2019alta i participaci\u00f3 de l\u2019usuari en el <strong>formulari de comentaris del blog<\/strong> situat a la web. Les dades facilitades les conservarem mente l\u2019usuari no sol\u00b7liciti la baixa de la subscripci\u00f3 al contingut del blog i durant el temps establert per la llei amb una duraci\u00f3 m\u00ednima de 3 anys.<\/div>\n<div style=\"text-align: left;\"><\/div>\n<div class=\"column\" style=\"text-align: left;\">La base de legitimaci\u00f3 del tractament de les dades ser\u00e0 el consentiment que atorga l\u2019usuari al registrar-se a trav\u00e9s del formulari de subscripci\u00f3 al blog i en seleccionar la casella d\u2019acceptaci\u00f3 de la nostra pol\u00edtica de privacitat abans d\u2019enviar la seva sol\u00b7licitud. L\u2019usuari t\u00e9 dret a revocar el seu consentiment en qualsevol moment sense que aix\u00f2 afecti la licitud del tractament basat en el seu consentiment previ a la seva retirada.<\/div>\n<div style=\"text-align: left;\"><\/div>\n<div class=\"column\" style=\"text-align: left;\">Enviar <strong>butlletins i newletters<\/strong> sobre productes de TROY&amp;MACCLURE, S.L. Sota el consentiment de l\u2019usuari recollim i tractem les seves dades personals per poder enviar-li informaci\u00f3 sobre els nostres productes i serveis. Aquestes dades les conservarem mentre l\u2019usuari no revoqui el seu consentiment al tractament d\u2019aquestes i durant el temps establert per la llei amb una duraci\u00f3 m\u00ednima de 3 anys.<\/div>\n<div style=\"text-align: left;\"><\/div>\n<div class=\"column\" style=\"text-align: left;\">La base de legitimaci\u00f3 del tractament de les seves dades ser\u00e0 el consentiment que atorga l\u2019usuari al seleccionar la casella d\u2019acceptaci\u00f3 de la nostra pol\u00edtica de privacitat abans de subscriure&#8217;s a la newsletter en el formulari habilitat a tal efecte a la web. L\u2019usuari t\u00e9 dret a revocar el seu consentiment en qualsevol moment sense que aix\u00f2 afecti la licitud del tractament basat en el consentiment previ a la seva retirada.<\/div>\n<div style=\"text-align: left;\"><\/div>\n<\/div>\n<\/div>\n<div style=\"text-align: left;\">Gestionar el curr\u00edculum rem\u00e8s per l&#8217;interessat a trav\u00e9s del formulari habilitat per a tal efecte i incloure&#8217;l en la base de dades de candidats de l&#8217;empresa. Les dades es conservaran durant el termini m\u00e0xim d&#8217;un any, transcorregut el qual, es procedir\u00e0 al bloqueig de les dades durant el temps establert legalment, garantint-li un total respecte a la confidencialitat tant en el tractament com en la seva posterior destrucci\u00f3.<\/div>\n<div style=\"text-align: left;\">La base de legitimaci\u00f3 per a gestionar i tractar el curr\u00edculum de l&#8217;interessat \u00e9s el seu consentiment el qual manifesta en realitzar una acci\u00f3 afirmativa d&#8217;enviament del mateix i seleccionar la casella d&#8217;acceptaci\u00f3 de la nostra pol\u00edtica de privacitat pr\u00e8viament al seu enviament. L&#8217;usuari t\u00e9 dret a revocar el seu consentiment en qualsevol moment sense que aix\u00f2 afecti la licitud del tractament basat en el consentiment previ a la seva retirada.<\/div>\n<div style=\"text-align: left;\">Millorar la seva experi\u00e8ncia en navegar per la web. Aquestes dades els conservarem mentre l&#8217;usuari no revoqui el seu consentiment al tractament d\u2019aquestes eliminant les cookies i durant el temps establert per la llei amb una durada m\u00ednima de 3 anys.<\/div>\n<div style=\"text-align: left;\">La base de legitimaci\u00f3 per a millorar la seva experi\u00e8ncia en navegar per la web \u00e9s el consentiment que atorga l&#8217;usuari en acceptar les cookies. L&#8217;usuari t\u00e9 dret a revocar el seu consentiment en qualsevol moment sense que aix\u00f2 afecti la licitud del tractament basat en el consentiment previ a la seva retirada.<\/div>\n<div style=\"text-align: left;\">Gestionar les nostres xarxes socials i enviar-li informaci\u00f3 sobre les nostres activitats i productes. Aquestes dades les conservarem mentre l&#8217;usuari no revoqui el seu consentiment al tractament d\u2019aquestes i durant el temps establert per la llei amb una durada m\u00ednima de 3 anys.<\/div>\n<div style=\"text-align: left;\">La base de leg\u00edtimaci\u00f3 per a gestionar les nostres xarxes socials i enviar-li les nostres activitats i novetats, \u00e9s el consentiment que ens atorga per a aix\u00f2. L&#8217;usuari t\u00e9 dret a revocar el seu consentiment en qualsevol moment sense que aix\u00f2 afecti la licitud del tractament basat en el consentiment previ a la seva retirada.<\/div>\n<div class=\"section\">\n<div class=\"layoutArea\" style=\"text-align: center;\">\n<div style=\"text-align: left;\"><\/div>\n<\/div>\n<\/div>\n<\/div>\n<\/div><div class=\"last-paragraph-no-margin\"><div class=\"page\" title=\"Page 5\">\n<div class=\"page\" title=\"Page 2\">\n<div class=\"layoutArea\">\n<div class=\"column\">\n<p>&nbsp;<\/p>\n<p style=\"text-align: left;\"><strong>Cessi\u00f3 o comunicaci\u00f3 de dades personals i transfer\u00e8ncies internacionals<\/strong><\/p>\n<p style=\"text-align: left;\">Les seves dades no es comunicaran ni seran cedides a tercers tret que existeixi alguna obligaci\u00f3 legal o a aquells prestadors vinculats al Responsable que actuen com a encarregats del tractament.<br \/>\nNo es realitzen transfer\u00e8ncies internacionals, en cas qu\u00e8 en algun moment poguessin realitzar-se, se li comunicaria a fi d&#8217;obtenir el seu consentiment.<\/p>\n<\/div>\n<\/div>\n<\/div>\n<\/div>\n<\/div><div class=\"last-paragraph-no-margin\"><div class=\"page\" title=\"Page 5\">\n<div class=\"page\" title=\"Page 2\">\n<div class=\"layoutArea\">\n<div class=\"column\">\n<div class=\"page\" title=\"Page 2\">\n<div class=\"layoutArea\">\n<div class=\"column\">\n<p>&nbsp;<\/p>\n<p style=\"text-align: left;\"><strong>Actualitzaci\u00f3 de dades<\/strong><\/p>\n<p style=\"text-align: left;\">\u00c9s important que perqu\u00e8 puguem mantenir les dades personals actualitzades, l&#8217;usuari ens informi sempre que hi hagi hagut alguna modificaci\u00f3 en aquestes, en cas contrari, no responem de la veracitat d&#8217;aquestes.<br \/>\nL&#8217;usuari garanteix que les dades personals facilitades s\u00f3n veraces garantint que tota la informaci\u00f3 facilitada correspon amb la situaci\u00f3 real, que est\u00e0 posada al dia i \u00e9s exacta, quedant obligat a comunicar qualsevol modificaci\u00f3.<\/p>\n<\/div>\n<\/div>\n<\/div>\n<\/div>\n<\/div>\n<\/div>\n<\/div>\n<\/div><div class=\"last-paragraph-no-margin\"><div><\/div>\n<div class=\"column\" style=\"text-align: left;\"><strong>Dades de Tercers<\/strong><\/div>\n<p style=\"text-align: left;\">Si l&#8217;usuari facilita dades de terceres persones per a qualsevol finalitat a TROY&amp;MACCLURE, S.L., garanteix que ha obtingut aquestes dades de forma l\u00edcita, que ha informat pr\u00e8viament els afectats, obtenint el seu consentiment per a comunicar-les i que la informaci\u00f3 facilitada \u00e9s exacta i vera\u00e7.<\/p>\n<\/div><div class=\" vc_custom_1553164767312 last-paragraph-no-margin\"><p><strong style=\"text-align: left; padding-top: 20px;\">Car\u00e0cter obligatori de la informaci\u00f3 sol\u00b7licitada<\/strong><\/p>\n<p style=\"text-align: left; padding-top: 20px;\">Tots els nostres formularis compten amb un asterisc (*) en les dades obligat\u00f2ries. Si l&#8217;usuari no omple aquests camps, o no marca la casella d&#8217;acceptaci\u00f3 de la pol\u00edtica de privacitat, no es permetr\u00e0 l&#8217;enviament de la informaci\u00f3.<\/p>\n<\/div><div class=\"last-paragraph-no-margin\"><div class=\"column\">\n<p style=\"text-align: left;\"><strong>Drets dels interessats<\/strong><\/p>\n<p style=\"text-align: left;\">T\u00e9 dret a accedir a les seves dades i a obtenir confirmaci\u00f3 sobre el seu tractament, aix\u00ed com una c\u00f2pia de les dades personals objecte de tractament. T\u00e9 dret a actualitzar-les i a sol\u00b7licitar la rectificaci\u00f3 de les dades que siguin inexactes o sol\u00b7licitar la supressi\u00f3 quan les dades no siguin necess\u00e0ries per a les finalitats per les quals van ser recaptades. Pot sol\u00b7licitar la limitaci\u00f3 en el tractament de les seves dades i oposar-se al tractament d\u2019aquestes revocant el seu consentiment, aix\u00ed com exercir el dret a la portabilitat de les dades. De la mateixa manera, t\u00e9 dret a no ser objecte de decisions basades \u00fanicament en el tractament automatitzat de les seves dades personals. Pot exercir els seus drets contactant amb nosaltres C\/ D\u2019EN VIDALET, LOCAL 5, 55 &#8211; 08012 BARCELONA (Barcelona). Email: info@flandecoco.net<br \/>\nSi considera que els seus drets no s&#8217;han at\u00e8s degudament, t\u00e9 dret a presentar una reclamaci\u00f3 davant l&#8217;Ag\u00e8ncia Espanyola de Proteccio\u0301 de Dades www.aepd.es<\/p>\n<\/div>\n<\/div><div class=\"last-paragraph-no-margin\"><div class=\"column\">\n<div class=\"page\" title=\"Page 3\">\n<div class=\"layoutArea\">\n<div class=\"column\">\n<p style=\"text-align: left;\"><strong>Tractament de dades de Menors d&#8217;edat<\/strong><\/p>\n<p style=\"text-align: left;\">Qui facilita les dades a trave\u0301s dels formularis d&#8217;aquesta web i accepta el seu tractament declara ser major de 14 anys, quedant prohibit l&#8217;acce\u0301s i u\u0301s del portal a menors d&#8217;aquesta edat. Si en algun moment, el Responsable detecta que un menor de 14 anys ha proporcionat dades de cara\u0300cter personal, procedirem a la cancel\u00b7lacio\u0301 d&#8217;aquestes. Aixi\u0301 mateix, els pares o tutors podran en qualsevol cas dirigir-se a TROY&amp;MACCLURE, S.L. per a bloquejar el compte d&#8217;acce\u0301s dels menors al seu ca\u0300rrec que s&#8217;haguessin registrat falsejant la seva identitat.<\/p>\n<\/div>\n<\/div>\n<\/div>\n<\/div>\n<\/div><div class=\"last-paragraph-no-margin\"><p style=\"text-align: left;\"><strong>Tractament de Cookies<\/strong><\/p>\n<p style=\"text-align: left;\">Una cookie e\u0301s un petit arxiu que es descarrega i emmagatzema en l&#8217;ordinador de l&#8217;usuari quan aquest accedeix a una pa\u0300gina web. Les cookies permeten a la web, entre altres coses, emmagatzemar i recuperar informacio\u0301 sobre els ha\u0300bits de navegacio\u0301 de l&#8217;usuari o del seu equip i, depenent de la informacio\u0301 que continguin i de la forma en que\u0300 utilitzi el seu equip, poden utilitzar-se per a recone\u0300ixer a l&#8217;usuari.<\/p>\n<p style=\"text-align: left;\">L&#8217;usuari te\u0301 l&#8217;opcio\u0301 d&#8217;impedir la generacio\u0301 de cookies, mitjanc\u0327ant la seleccio\u0301 de la corresponent opcio\u0301 en el seu programa de navegador. Pot obtenir me\u0301s informacio\u0301 llegint la nostra Poli\u0301tica de Cookies.<\/p>\n<\/div><\/div><\/div><\/div><\/section><div class=\"vc_row-full-width vc_clearfix\"><\/div><section id=\"row-accordion\" data-vc-full-width=\"true\" data-vc-full-width-init=\"false\" data-vc-stretch-content=\"true\" class=\"vc_row wpb_row vc_row-fluid   pofo-stretch-content vc_row-no-padding\"><div class=\"wpb_column vc_column_container vc_col-sm-12  col-xs-mobile-fullwidth\"><div class=\"vc_column-inner \"><div class=\"wpb_wrapper\"><div class=\"panel-group accordion-style1\" id=\"accordion-landings-1\" ><div class=\"panel text-left\">\n                                        <div class=\"panel-heading \">\n                                            <a data-toggle=\"collapse\" data-parent=\"#accordion-landings-1\" href=\"#accordion-one-link-1\">\n                                                <div class=\"panel-title font-weight-500 text-extra-dark-gray\">\n                                                    I AIX\u00cd \u00c9S COM ES FA EL SEO  ><span class=\"pull-right\"><i class=\"ti-plus\"><\/i><\/span>\n                                                <\/div>\n                                            <\/a>\n                                        <\/div>\n                                        <div id=\"accordion-one-link-1\" class=\"panel-collapse collapse \">\n                                            <div class=\"panel-body \"><div class=\"container-landings\" >\n<p><a href=\"seo\/ca\/agencia-de-comunicacio-immobiliaria-a-barcelona\/\">Ag\u00e8ncia de Comunicaci\u00f3 Immobili\u00e0ria a Barcelona<\/a><br \/>\n <a href=\"seo\/ca\/agencia-de-comunicacio-a-barcelona\/\">Ag\u00e8ncia de Comunicaci\u00f3 a Barcelona<\/a><br \/>\n<a href=\"seo\/ca\/dissenyar-el-millor-aparador-a-barcelona\/\">Dissenyar el millor aparador a Barcelona<\/a><br \/>\n<a href=\"seo\/ca\/marqueting-i-publicitat-a-barcelona\/\">Marqueting i Publicitat a Barcelona<\/a><br \/>\n <a href=\"seo\/ca\/contractar-una-agencia-de-publicidad-en-barcelona\/\">Contractar una ag\u00e8ncia de publicidad en Barcelona<\/a><br \/>\n<a href=\"seo\/ca\/disseny-de-fulletons-a-barcelona\/\">Disseny de fullet\u00f3ns a Barcelona<\/a><br \/>\n <a href=\"seo\/ca\/disseny-de-catalegs-barcelona\/\">Disseny de cat\u00e0legs Barcelona<\/a><br \/>\n <a href=\"\/seo\/ca\/dissenyar-un-fulleto-a-barcelona\/\">Dissenyar un fullet\u00f3 a Barcelona<\/a><br \/>\n <a href=\"\/seo\/ca\/dissenyar-un-cataleg-barcelona\/\">Dissenyar un cat\u00e0leg Barcelona<\/a><br \/>\n <a href=\"seo\/ca\/disseny-de-targetes-de-visita-barcelona\/\">Disseny de targetes de visita Barcelona<\/a><br \/>\n <a href=\"seo\/ca\/agencia-de-publicitat-a-barcelona\/\">Ag\u00e8ncia de Publicitat a Barcelona<\/a><br \/>\n<a href=\"seo\/ca\/agencies-de-publicitat\/\">Ag\u00e8ncies de Publicitat<\/a><br \/>\n<a href=\"seo\/ca\/\/idees-per-a-temps-de-crisis\/\">Idees per a temps de crisis<\/a><br \/>\n<a href=\"seo\/ca\/publicitat-anticrisis\/\">Publicitat anticrisis<\/a><br \/>\n<a href=\"seo\/ca\/agencia-de-creativitat-i-esdeveniments-a-barcelona\/\">Ag\u00e8ncia de creativitat i esdeveniments a Barcelona<a><br \/>\n<a href=\"seo\/ca\/flashmobs-en-barcelona\/\">Flashmobs en Barcelona<\/a><br \/>\n<a href=\"seo\/ca\/creativitat-i-esdeveniments-barcelona\/\">Creativitat i esdeveniments Barcelona<\/a><br \/>\n<a href=\"seo\/ca\/dissenyar-un-stand-a-barcelona\/\">Dissenyar un Stand a Barcelona<\/a><br \/>\n<a href=\"seo\/ca\/street-marketing-a-barcelona\/\">Street Marketing a Barcelona<\/a><br \/>\n <a href=\"seo\/ca\/disseny-de-pagines-web-barcelona\/\">Disseny de p\u00e0gines Web Barcelona<\/a><br \/>\n<a href=\"seo\/ca\/disseny-de-stands-a-barcelona\/\">Disseny de Stands a Barcelona<\/a><br \/>\n<a href=\"seo\/ca\/agencia-de-creativitat-a-barcelona\/\">Ag\u00e8ncia de Creativitat a Barcelona<\/a><br \/>\n<a href=\"seo\/ca\/agencia-de-marqueting-i-comunicacio-a-barcelona\/\">Ag\u00e8ncia de m\u00e0rqueting i comunicaci\u00f3 a Barcelona<\/a><br \/>\n <a href=\"seo\/ca\/imatge-corporativa-a-barcelona\/\">Imatge Corporativa a Barcelona<\/a><br \/>\n<a href=\"seo\/ca\/organitzacio-desdeveniments-a-barcelona\/\">Organitzaci\u00f3 d\u2019esdeveniments a Barcelona<\/a><br \/>\n <a href=\"seo\/ca\/disseny-grafic-a-barcelona\/\">Disseny gr\u00e0fic a Barcelona<\/a><br \/>\n <a href=\"seo\/ca\/agencia-desdeveniments-assequible-a-barcelona\/\">Ag\u00e8ncia d\u2019esdeveniments assequible a Barcelona<\/a><br \/>\n <a href=\"seo\/ca\/agencia-desdeveniments-a-barcelona\/\">Ag\u00e8ncia d\u2019esdeveniments a Barcelona<\/a><\/p><\/div>\n<\/div>\n                                        <\/div>\n                                    <\/div><\/div><\/div><\/div><\/div><\/section><div class=\"vc_row-full-width vc_clearfix\"><\/div>\n<\/div>","protected":false},"excerpt":{"rendered":"RESPONSABLE DEL TRACTAMENT L\u2019empresa responsable del tractament de les seves dades en virtut d\u2019aquesta Pol\u00edtica de privacitat \u00e9s: TROY&amp;MACCLURE, S.L. NIF: B64600331 Domicili: C\/ D\u2019EN VIDALET, LOCAL 5, 55 - 08012 BARCELONA (Barcelona) Direcci\u00f3 de correu electr\u00f2nic: sonia@flandecoco.net \u2028Web: www.flandecoco.net Tel\u00e8fon: 932855311 En TROY&amp;MACCLURE, S.L., reconeixem la import\u00e0ncia de protegir la seva informaci\u00f3 personal i estem compromesos a tractar-la amb responsabilitat i de conformitat amb les lleis de protecci\u00f3 de dades. La present pol\u00edtica de privacitat pret\u00e9n regular tots els aspectes relatius al tractament de dades dels diferents usuaris que naveguen o faciliten les seves a trav\u00e9s dels diferents formularis situats en la web. &nbsp; Dades Personals Una dada personal, \u00e9s la informaci\u00f3 que l'identifica o el fa identificable. A trav\u00e9s de la web, en les caselles establertes a tal efecte recollim les dades personals que l'usuari ens comunica: Nom, cognoms, correu electr\u00f2nic, tel\u00e8fon, direcci\u00f3 postal, poblaci\u00f3, etc.\u2028La visita de l'usuari a la web no implica que hagi de facilitar cap informaci\u00f3 sobre les seves dades personals. No obstant aix\u00f2, en cas de facilitar-les, les dades seran tractades de forma l\u00edcita de conformitat en tot moment als principis i drets recollits en el RGPD 2016\/679 de 26 d'abril i la...","protected":false},"author":1,"featured_media":0,"parent":0,"menu_order":0,"comment_status":"closed","ping_status":"closed","template":"","meta":{"footnotes":""},"class_list":["post-23289","page","type-page","status-publish","hentry"],"_links":{"self":[{"href":"https:\/\/flandecoco.net\/ca\/wp-json\/wp\/v2\/pages\/23289","targetHints":{"allow":["GET"]}}],"collection":[{"href":"https:\/\/flandecoco.net\/ca\/wp-json\/wp\/v2\/pages"}],"about":[{"href":"https:\/\/flandecoco.net\/ca\/wp-json\/wp\/v2\/types\/page"}],"author":[{"embeddable":true,"href":"https:\/\/flandecoco.net\/ca\/wp-json\/wp\/v2\/users\/1"}],"replies":[{"embeddable":true,"href":"https:\/\/flandecoco.net\/ca\/wp-json\/wp\/v2\/comments?post=23289"}],"version-history":[{"count":23,"href":"https:\/\/flandecoco.net\/ca\/wp-json\/wp\/v2\/pages\/23289\/revisions"}],"predecessor-version":[{"id":24722,"href":"https:\/\/flandecoco.net\/ca\/wp-json\/wp\/v2\/pages\/23289\/revisions\/24722"}],"wp:attachment":[{"href":"https:\/\/flandecoco.net\/ca\/wp-json\/wp\/v2\/media?parent=23289"}],"curies":[{"name":"wp","href":"https:\/\/api.w.org\/{rel}","templated":true}]}}