{"id":23286,"date":"2019-01-28T12:46:14","date_gmt":"2019-01-28T12:46:14","guid":{"rendered":"http:\/\/flandecoco.net\/?page_id=23286"},"modified":"2025-07-01T07:36:08","modified_gmt":"2025-07-01T07:36:08","slug":"avis-legal","status":"publish","type":"page","link":"https:\/\/flandecoco.net\/ca\/avis-legal","title":{"rendered":"AV\u00cdS LEGAL"},"content":{"rendered":"<div class=\"wpb-content-wrapper\"><section id=\"row-subtitulos\" data-vc-full-width=\"true\" data-vc-full-width-init=\"false\" class=\"vc_row wpb_row vc_row-fluid  vc_custom_1547139474221 wow fadeIn pofo-stretch-content pofo-stretch-row-container vc_row-o-content-top vc_row-flex\"><div class=\"wpb_column vc_column_container vc_col-sm-12 vc_col-xs-12 wow fadeIn pofo-column-responsive-69f7f60a7d382\"><div class=\"vc_column-inner \"><div class=\"wpb_wrapper\"><div id=\"texto-nosotros\" class=\" vc_custom_1751355364323 last-paragraph-no-margin\"><div class=\"page\" title=\"Page 5\">\n<div class=\"section\">\n<div class=\"layoutArea\" style=\"text-align: center;\">\n<div class=\"column\">\n<p style=\"text-align: left;\" align=\"center\"><strong><span style=\"font-size: 11.0pt; font-family: 'Calibri',sans-serif;\">LLEI DELS SERVEIS DE LA SOCIETAT DE LA INFORMACI\u00d3 (LSSI)<\/span><\/strong><\/p>\n<p style=\"text-align: left;\"><span style=\"font-size: 11.0pt; font-family: 'Calibri',sans-serif;\"><br \/>\nTROY&amp;MACCLURE, S.L. com a responsable del lloc web, d\u2019ara endavant RESPONSABLE, posa a disposici\u00f3 dels usuaris el present document, amb el qual pret\u00e9n donar compliment a les obligacions disposades en la Llei 34\/2002, de 11 de juliol, de serveis de la Societat de la Informaci\u00f3 i de Comer\u00e7 Electr\u00f2nic (LSSICE), BOE N\u00ba 166, aix\u00ed com informar a tots els usuaris del lloc web respecte a quines s\u00f3n les condicions d\u2019\u00fas.<\/span><\/p>\n<p style=\"text-align: left;\">Tota persona que accedeixi a aquest lloc web assumeix el paper d\u2019usuari, comprometent-se a l\u2019observan\u00e7a i compliment rigor\u00f3s de les disposicions aqu\u00ed disposades, aix\u00ed com a qualsevol altra disposici\u00f3 legal que fora d\u2019aplicaci\u00f3.<\/p>\n<p style=\"text-align: left;\">TROY&amp;MACCLURE, S.L. es reserva el dret de modificar qualsevol tipus d\u2019informaci\u00f3 que pogu\u00e9s apar\u00e8ixer al lloc web, sense que hi hagi obligaci\u00f3 de preavisar o posar en coneixement dels usuaris aquestes obligacions, entenent-se com suficient amb la publicaci\u00f3 al lloc web de TROY&amp;MACCLURE, S.L..<\/p>\n<p style=\"text-align: left;\"><strong><span style=\"font-family: 'Calibri',sans-serif;\">1. DADES IDENTIFICATIVES<\/span><\/strong><\/p>\n<p style=\"text-align: left;\"><span style=\"font-size: 11.0pt; font-family: 'Calibri',sans-serif;\">Nom de domini: flandecoco.net<br \/>\nNom comercial: FLAN DE COCO<br \/>\nDenominaci\u00f3 social: TROY&amp;MACCLURE, S.L.<br \/>\nNIF: B64600331<br \/>\nDomicili social: C\/ D\u2019EN VIDALET, 55, LOCAL 5, 08012 BARCELONA,<br \/>\nTel\u00e8fon: 932855311<br \/>\nE-mail: sonia@flandecoco.net<br \/>\nInscrita al Registre (Mercantil \/ P\u00fablic): Barcelona en el tomo 39748 , folio 102 , hoja 353455<\/span><\/p>\n<p style=\"text-align: left;\"><strong><span style=\"font-family: 'Calibri',sans-serif;\">2. DRETS DE PROPIETAT INTEL\u00b7LECTUAL I INDUSTRIAL<\/span><\/strong><\/p>\n<p style=\"text-align: left;\">El lloc web, incloent a t\u00edtol enunciatiu per\u00f2 no limitatiu la seva programaci\u00f3, edici\u00f3, compilaci\u00f3 i altres elements necessaris per al seu funcionament, els dissenys, logotips, text i\/o gr\u00e0fics, s\u00f3n propietat del RESPONSABLE o, si \u00e9s el cas, disposa de llic\u00e8ncia o autoritzaci\u00f3 expressa per part dels autors. Tots els continguts del lloc web es troben degudament protegits per la normativa de propietat intel\u00b7lectual i industrial, aix\u00ed com inscrits en els registres p\u00fablics corresponents.<\/p>\n<p style=\"text-align: left;\">Independentment de la finalitat per a la qual fossin destinats, la reproducci\u00f3 total o parcial, \u00fas, explotaci\u00f3, distribuci\u00f3 i comercialitzaci\u00f3, requereix en tot cas de l\u2019autoritzaci\u00f3 escrita pr\u00e8via per part del RESPONSABLE. Qualsevol \u00fas no autoritzat pr\u00e8viament es considera un incompliment greu dels drets de propietat intel\u00b7lectual o industrial de l\u2019autor.<\/p>\n<p style=\"text-align: left;\">Els dissenys, logotips, text i\/o gr\u00e0fics aliens al RESPONSABLE i que poguessin apar\u00e8ixer en el lloc web, pertanyen als seus respectius propietaris, sent ells mateixos responsables de qualsevol possible controv\u00e8rsia que pogu\u00e9s suscitar respecte als mateixos. El RESPONSABLE autoritza expressament a que tercers puguin redirigir directament als continguts concrets del lloc web, i en tot cas redirigir al lloc web principal de flandecoco.net.<\/p>\n<p style=\"text-align: left;\">El RESPONSABLE reconeix a favor dels seus titulars els corresponents drets de propietat intel\u00b7lectual i industrial, no implicant el seu sol esment o aparici\u00f3 en el lloc web l\u2019exist\u00e8ncia de drets o responsabilitat alguna sobre els mateixos, com tampoc respatller, patrocini o recomanaci\u00f3 per part del mateix.<\/p>\n<p style=\"text-align: left;\">Per realitzar qualsevol tipus d\u2019observaci\u00f3 respecte a possibles incompliments dels drets de propietat intel\u00b7lectual o industrial, aix\u00ed com sobre qualsevol dels continguts del lloc web, pot fer-ho a trav\u00e9s del correu electr\u00f2nic info@flandecoco.net.<\/p>\n<p style=\"text-align: left;\"><strong><span style=\"font-family: 'Calibri',sans-serif;\">3. NORMES DE COMPORTAMENT DEL BLOG<\/span><\/strong><\/p>\n<p style=\"text-align: left;\">TROY&amp;MACCLURE, S.L. agraeix l\u2019inter\u00e8s per fer \u00fas dels nostres canals de participaci\u00f3. Els comentaris s\u00f3n una via de participaci\u00f3 per a tots els usuaris d\u2019aquest mitj\u00e0. No obstant, per participar als nostres blocs, s\u2019haur\u00e0 d\u2019acceptar aquestes normes:<\/p>\n<p style=\"text-align: left;\">1.- Responsabilitat de l\u2019Usuari. En participar als blocs de la web l\u2019usuari \u00e9s l\u2019\u00fanic responsable dels missatges que difongui, garantint a TROY&amp;MACCLURE, S.L. la total indemnitat davant de qualsevol reclamaci\u00f3 que pugui plantejar-se-li per aquests conceptes.<\/p>\n<p style=\"text-align: left;\">En el cas de qu\u00e8 els missatges continguin material protegit per drets de propietat intel\u00b7lectual o industrial, l\u2019usuari garanteix que n\u2019\u00e9s el seu propietari o que compta amb l\u2019autoritzaci\u00f3 del propietari per difondre\u2019l als blocs, eximint a TROY&amp;MACCLURE, S.L. de qualsevol reclamaci\u00f3 de tercers que es planteg\u00e9s per aquests conceptes.<\/p>\n<p style=\"text-align: left;\">2.- L\u2019usuari haur\u00e0 de, abans de publicar un missatge, escollir el blog apropiat. Aquells missatges que no s\u2019ajustin a la tem\u00e0tica del blog podran ser eliminats. Est\u00e0 totalment prohibit publicar promocions i enlla\u00e7os d\u2019ofertes comercials, publicitat, material promocional, cartes cadena, ni qualsevol activitat promocional directa o indirecta o qualsevol altre tipus de comentari que no s\u2019ajusti al desenvolupament normal dels temes dels blocs.<\/p>\n<p style=\"text-align: left;\">3.- L\u2019usuari haur\u00e0 de respectar a la resta d\u2019usuaris. L\u2019usuari haur\u00e0 de ser tolerant i respectu\u00f3s amb els missatges i opinions de la resta d\u2019usuaris. Es podran suprimir aquells missatges que puguin ser considerats lesius contra els drets de tercers o que atemptin contra el desenvolupament pac\u00edfic dels blocs.<\/p>\n<p style=\"text-align: left;\">4.- TROY&amp;MACCLURE, S.L. es reserva el dret de reproduir, modificar, o difondre els missatges publicats als blocs de la web d\u2019acord als terminis i mitjans convenients sense que per aix\u00f2 correspongui a l\u2019usuari cap tipus de compensaci\u00f3.<\/p>\n<p style=\"text-align: left;\">5.- TROY&amp;MACCLURE, S.L. no \u00e9s responsable d\u2019all\u00f2 publicat als blocs de la web ni garanteix la veracitat o exactitud de cap informaci\u00f3 publicada als mateixos. Correspon a l\u2019usuari remitent dels missatges o informacions la responsabilitat sobre el seu contingut.<\/p>\n<p style=\"text-align: left;\">6.- TROY&amp;MACCLURE, S.L. no garanteix la disponibilitat ni continu\u00eftat del servei de blocs de la web, podent modificar-lo, suspendre\u2019l o eliminar-lo de la web sense previ av\u00eds i en qualsevol moment.<\/p>\n<p style=\"text-align: left;\">7.- En el cas de qu\u00e8 un usuari pugui veure\u2019s afectat per actuacions il\u00b7legals, o detecti un mal \u00fas dels blocs de la web per part d\u2019altres usuaris, podr\u00e0 posar-ho en coneixement DEL RESPONSABLE, a trav\u00e9s del correu electr\u00f2nic sonia@flandecoco.net indicant a la refer\u00e8ncia de l\u2019assumpte \u201cmoderaci\u00f3 de blocs\u201d, per a que EL RESPONSABLE pugui moderar o eliminar els mateixos.<\/p>\n<p style=\"text-align: left;\">8.- L\u2019usuari mantindr\u00e0 indemne a EL RESPONSABLE, davant de qualsevol reclamaci\u00f3 que pogu\u00e9s presentar-se-li per els missatges que l\u2019usuari hagi dif\u00f3s als blocs o per a qualsevol altre conducta vinculada o derivada de l\u2019\u00fas per part de l\u2019usuari dels blocs de la web.<\/p>\n<p style=\"text-align: left;\"><strong><span style=\"font-family: 'Calibri',sans-serif;\">4. EXEMPCI\u00d3 DE RESPONSABILITATS<\/span><\/strong><\/p>\n<p style=\"text-align: left;\">El RESPONSABLE s\u2019eximeix de qualsevol tipus de responsabilitat derivada de la informaci\u00f3 publicada al seu lloc web sempre que aquesta informaci\u00f3 hagi estat manipulada o introdu\u00efda per un tercer ali\u00e8 a aquest.<\/p>\n<p style=\"text-align: left;\"><strong><span style=\"font-family: 'Calibri',sans-serif;\">\u00das de Cookies<\/span><\/strong><\/p>\n<p style=\"text-align: left;\">Aquest lloc web pot utilitzar cookies t\u00e8cniques (petits arxius d\u2019informaci\u00f3 que el servidor envia a l\u2019ordinador de qui accedeix a la p\u00e0gina) per dur a terme determinades funcions que s\u00f3n considerades imprescindibles per al correcte funcionament i visualitzaci\u00f3 del lloc. Les cookies utilitzades tenen, en tot cas, car\u00e0cter temporal, amb l\u2019\u00fanica finalitat de fer m\u00e9s efica\u00e7 la navegaci\u00f3, i desapareixen en acabar la sessi\u00f3 de l\u2019usuari. En cap cas, aquestes cookies proporcionen per si mateixes dades de car\u00e0cter personal i no s\u2019utilitzaran per a la recollida de les mateixes.<\/p>\n<p style=\"text-align: left;\">Mitjan\u00e7ant l\u2019\u00fas de cookies tamb\u00e9 \u00e9s possible que el servidor on es troba la web reconegui el navegador utilitzat per l\u2019usuari amb la finalitat que la navegaci\u00f3 sigui m\u00e9s senzilla, permetent, per exemple, l\u2019acc\u00e9s dels usuaris que s\u2019hagin registrat pr\u00e8viament a les \u00e0rees, serveis, promocions o concursos reservats exclusivament a ells sense haver de registrar en cada visita. Tamb\u00e9 es poden utilitzar per mesurar l\u2019audi\u00e8ncia, par\u00e0metres de tr\u00e0nsit, controlar el progr\u00e9s i nombre d\u2019entrades, etc., sent en aquests casos cookies prescindibles t\u00e8cnicament per\u00f2 beneficioses per a l\u2019usuari. Aquest lloc web no s\u2019instal\u00b7lar\u00e0 cookies prescindibles sense el consentiment previ de l\u2019usuari.<\/p>\n<p style=\"text-align: left;\">L\u2019usuari t\u00e9 la possibilitat de configurar el seu navegador per ser alertat de la recepci\u00f3 de cookies i per impedir la seva instal\u00b7laci\u00f3 al seu equip. Si us plau, consulti les instruccions del seu navegador per ampliar aquesta informaci\u00f3.<\/p>\n<p style=\"text-align: left;\"><strong><span style=\"font-family: 'Calibri',sans-serif;\">Pol\u00edtica d\u2019enlla\u00e7os<\/span><\/strong><\/p>\n<p style=\"text-align: left;\">Des del lloc web, \u00e9s possible que es redirigeixi a continguts de tercers llocs web. At\u00e8s que el RESPONSABLE no pot controlar sempre els continguts introdu\u00efts pels tercers en els seus respectius llocs web, no assumeix cap tipus de responsabilitat respecte a aquests continguts. En tot cas, procedir\u00e0 a la retirada immediata de qualsevol contingut que pogu\u00e9s contravenir la legislaci\u00f3 nacional o internacional, la moral o l\u2019ordre p\u00fablic, procedint a la retirada immediata de la redirecci\u00f3 a dit lloc web, posant en coneixement de les autoritats competents el contingut en q\u00fcesti\u00f3.<\/p>\n<p style=\"text-align: left;\">El RESPONSABLE no es fa responsable de la informaci\u00f3 i continguts emmagatzemats, a t\u00edtol enunciatiu per\u00f2 no limitatiu, en f\u00f2rums, xats, generadors de blogs, comentaris, xarxes socials o qualsevol altre mitj\u00e0 que permeti a tercers publicar continguts de forma independent en la p\u00e0gina web del RESPONSABLE. No obstant aix\u00f2, i en compliment del que disposen els articles 11 i 16 de la LSSICE, es posa a disposici\u00f3 de tots els usuaris, autoritats i forces de seguretat, col\u00b7laborant de forma activa en la retirada o, si escau, bloqueig de tots aquells continguts que puguin afectar o contravenir la legislaci\u00f3 nacional o internacional, els drets de tercers o la moral i l\u2019ordre p\u00fablic. En cas que l\u2019usuari consideri que existeix en el lloc web algun contingut que pogu\u00e9s ser susceptible d\u2019aquesta classificaci\u00f3, es prega ho faci saber de forma immediata a l\u2019administrador del lloc web.<\/p>\n<p style=\"text-align: left;\">Aquest lloc web ha estat revisat i provat perqu\u00e8 funcioni correctament. En principi, pot garantir-se el correcte funcionament els 365 dies de l\u2019any, 24 hores al dia. No obstant aix\u00f2, el RESPONSABLE no descarta la possibilitat que existeixin certs errors de programaci\u00f3, o que esdevinguin causes de for\u00e7a major, cat\u00e0strofes naturals, vagues o circumst\u00e0ncies semblants que facin impossible l\u2019acc\u00e9s a la p\u00e0gina web.<\/p>\n<p style=\"text-align: left;\"><strong><span style=\"font-family: 'Calibri',sans-serif;\">Adreces IP<\/span><\/strong><\/p>\n<p style=\"text-align: left;\"><span style=\"font-size: 11.0pt; font-family: 'Calibri',sans-serif;\">Els servidors del lloc web podran detectar de manera autom\u00e0tica l\u2019adre\u00e7a IP i el nom de domini utilitzats per l\u2019usuari. Una adre\u00e7a IP \u00e9s un nombre assignat autom\u00e0ticament a un ordinador quan aquest es connecta a Internet. Tota aquesta informaci\u00f3 \u00e9s registrada en un fitxer d\u2019activitat del servidor degudament inscrit que permet el posterior processament de les dades amb la finalitat d\u2019obtenir mesures \u00fanicament estad\u00edstiques que permetin con\u00e8ixer el nombre d\u2019impressions de p\u00e0gines, el nombre de visites realitzades als servidors web, l\u2019ordre de visites, el punt d\u2019acc\u00e9s, etc.<\/span><\/p>\n<p style=\"text-align: left;\"><strong><span style=\"font-family: 'Calibri',sans-serif;\">5. LLEI APLICABLE I JURISDICCI\u00d3 <\/span><\/strong><\/p>\n<p style=\"text-align: left;\"><span style=\"font-size: 11.0pt; font-family: 'Calibri',sans-serif;\">La llei aplicable en cas de disputa o conflicte d\u2019interpretaci\u00f3 dels termes que conformen els textos legals, aix\u00ed com qualsevol q\u00fcesti\u00f3 relacionada amb els serveis de la present web, ser\u00e0 la llei espanyola.<\/span><\/p>\n<p style=\"text-align: left;\"><em><span style=\"font-family: 'Calibri',sans-serif;\">\u00daltima actualitzaci\u00f3: 20\/06\/2025<\/span><\/em><\/p>\n<\/div>\n<\/div>\n<\/div>\n<\/div>\n<\/div><\/div><\/div><\/div><\/section><div class=\"vc_row-full-width vc_clearfix\"><\/div>\n<\/div>","protected":false},"excerpt":{"rendered":"LLEI DELS SERVEIS DE LA SOCIETAT DE LA INFORMACI\u00d3 (LSSI) TROY&amp;MACCLURE, S.L. com a responsable del lloc web, d\u2019ara endavant RESPONSABLE, posa a disposici\u00f3 dels usuaris el present document, amb el qual pret\u00e9n donar compliment a les obligacions disposades en la Llei 34\/2002, de 11 de juliol, de serveis de la Societat de la Informaci\u00f3 i de Comer\u00e7 Electr\u00f2nic (LSSICE), BOE N\u00ba 166, aix\u00ed com informar a tots els usuaris del lloc web respecte a quines s\u00f3n les condicions d\u2019\u00fas. Tota persona que accedeixi a aquest lloc web assumeix el paper d\u2019usuari, comprometent-se a l\u2019observan\u00e7a i compliment rigor\u00f3s de les disposicions aqu\u00ed disposades, aix\u00ed com a qualsevol altra disposici\u00f3 legal que fora d\u2019aplicaci\u00f3. TROY&amp;MACCLURE, S.L. es reserva el dret de modificar qualsevol tipus d\u2019informaci\u00f3 que pogu\u00e9s apar\u00e8ixer al lloc web, sense que hi hagi obligaci\u00f3 de preavisar o posar en coneixement dels usuaris aquestes obligacions, entenent-se com suficient amb la publicaci\u00f3 al lloc web de TROY&amp;MACCLURE, S.L.. 1. DADES IDENTIFICATIVES Nom de domini: flandecoco.net Nom comercial: FLAN DE COCO Denominaci\u00f3 social: TROY&amp;MACCLURE, S.L. NIF: B64600331 Domicili social: C\/ D\u2019EN VIDALET, 55, LOCAL 5, 08012 BARCELONA, Tel\u00e8fon: 932855311 E-mail: sonia@flandecoco.net Inscrita al Registre (Mercantil \/ P\u00fablic): Barcelona en el tomo 39748...","protected":false},"author":1,"featured_media":0,"parent":0,"menu_order":0,"comment_status":"closed","ping_status":"closed","template":"","meta":{"footnotes":""},"class_list":["post-23286","page","type-page","status-publish","hentry"],"_links":{"self":[{"href":"https:\/\/flandecoco.net\/ca\/wp-json\/wp\/v2\/pages\/23286","targetHints":{"allow":["GET"]}}],"collection":[{"href":"https:\/\/flandecoco.net\/ca\/wp-json\/wp\/v2\/pages"}],"about":[{"href":"https:\/\/flandecoco.net\/ca\/wp-json\/wp\/v2\/types\/page"}],"author":[{"embeddable":true,"href":"https:\/\/flandecoco.net\/ca\/wp-json\/wp\/v2\/users\/1"}],"replies":[{"embeddable":true,"href":"https:\/\/flandecoco.net\/ca\/wp-json\/wp\/v2\/comments?post=23286"}],"version-history":[{"count":6,"href":"https:\/\/flandecoco.net\/ca\/wp-json\/wp\/v2\/pages\/23286\/revisions"}],"predecessor-version":[{"id":42746,"href":"https:\/\/flandecoco.net\/ca\/wp-json\/wp\/v2\/pages\/23286\/revisions\/42746"}],"wp:attachment":[{"href":"https:\/\/flandecoco.net\/ca\/wp-json\/wp\/v2\/media?parent=23286"}],"curies":[{"name":"wp","href":"https:\/\/api.w.org\/{rel}","templated":true}]}}