{"id":23261,"date":"2019-01-25T13:48:56","date_gmt":"2019-01-25T13:48:56","guid":{"rendered":"http:\/\/flandecoco.net\/?page_id=23261"},"modified":"2024-02-16T11:07:43","modified_gmt":"2024-02-16T11:07:43","slug":"consultoria-de-marqueting","status":"publish","type":"page","link":"https:\/\/flandecoco.net\/ca\/serveis\/consultoria-de-marqueting","title":{"rendered":"Consultoria de m\u00e0rqueting"},"content":{"rendered":"<div class=\"wpb-content-wrapper\"><section data-vc-full-width=\"true\" data-vc-full-width-init=\"false\" class=\"vc_row wpb_row vc_row-fluid sections-home vc_custom_1708075790958 bg-position-center-center vc_row-has-fill pofo-stretch-content pofo-stretch-row-container\"><div class=\"wpb_column vc_column_container vc_col-sm-12  col-xs-mobile-fullwidth\"><div class=\"vc_column-inner \"><div class=\"wpb_wrapper\"><div class=\"vc_row wpb_row vc_inner vc_row-fluid  vc_custom_1704990833350 vc_row-o-content-top vc_row-flex\"><div class=\"wpb_column vc_column_container vc_col-sm-12  col-xs-mobile-fullwidth\"><div class=\"vc_column-inner vc_custom_1704990824100\"><div class=\"wpb_wrapper\"><div class=\" vc_custom_1708080430144 last-paragraph-no-margin\"><h3 style=\"text-align: center; color: #1e293b;\">Consultoria de m\u00e0rqueting<\/h3>\n<\/div><\/div><\/div><\/div><\/div><div class=\"last-paragraph-no-margin\"><div class=\"page\" title=\"Page 5\">\n<div class=\"section\">\n<div class=\"layoutArea\" style=\"text-align: center;\">\n<div class=\"column\"><\/div>\n<div class=\"page\" title=\"Page 5\">\n<div class=\"section\">\n<div class=\"layoutArea\" style=\"text-align: center;\">\n<div class=\"column\">\n<h2>SERVEIS<\/h2>\n<\/div>\n<\/div>\n<\/div>\n<\/div>\n<\/div>\n<\/div>\n<\/div>\n<\/div><div class=\" vc_custom_1708080453696 last-paragraph-no-margin\"><p class=\"service-intro\" style=\"text-align: center;\">M\u00e9s enll\u00e0 de la simple venda, ajudem a aconseguir clients. A FlandeCoco tenim traject\u00f2ria i un coneixement 100% marqueter. Les idees formen part del nostre ADN.<\/p>\n<\/div><div class=\"vc_row wpb_row vc_inner vc_row-fluid\"><div class=\"wpb_column vc_column_container service-block vc_col-sm-4  col-xs-mobile-fullwidth\"><div class=\"vc_column-inner \"><div class=\"wpb_wrapper\"><div class=\"last-paragraph-no-margin\"><h4 class=\"service-title\">AN\u00c0LISI DE MARCA<\/h4>\n<div class=\"service-separator\"><\/div>\n<p class=\"service-text\">Estudi de la marca, analitzant els seus principals competidors, el funcionament del sector i del mercat, l\u2019usuari i el seu comportament.<\/p>\n<\/div><\/div><\/div><\/div><div class=\"wpb_column vc_column_container service-block vc_col-sm-4  col-xs-mobile-fullwidth\"><div class=\"vc_column-inner \"><div class=\"wpb_wrapper\"><div class=\"last-paragraph-no-margin\"><h4 class=\"service-title\">AUDITORIA DE COMUNICACI\u00d3<\/h4>\n<div class=\"service-separator\"><\/div>\n<p class=\"service-text\">An\u00e0lisi, coneixement i expertise de mercat, capa\u00e7 d\u2019ajudar a les empreses a detectar oportunitats i necessitats. I anticipant-se a la compet\u00e8ncia.<\/p>\n<\/div><\/div><\/div><\/div><div class=\"wpb_column vc_column_container service-block vc_col-sm-4  col-xs-mobile-fullwidth\"><div class=\"vc_column-inner \"><div class=\"wpb_wrapper\"><div class=\"last-paragraph-no-margin\"><h4 class=\"service-title\">ASSESSORAMENT ESTRAT\u00c8GIC<\/h4>\n<div class=\"service-separator\"><\/div>\n<p class=\"service-text\">Animar i incentivar la compra des del valor afegit. Distingir a marques i productes des de la creativitat i l\u2019experi\u00e8ncia FlandeCoco.<\/p>\n<\/div><\/div><\/div><\/div><\/div><div class=\"vc_row wpb_row vc_inner vc_row-fluid\"><div class=\"wpb_column vc_column_container service-block vc_col-sm-4  col-xs-mobile-fullwidth\"><div class=\"vc_column-inner \"><div class=\"wpb_wrapper\"><div class=\"last-paragraph-no-margin\"><h4 class=\"service-title\">RELAT CORPORATIU<\/h4>\n<div class=\"service-separator\"><\/div>\n<p class=\"service-text\">Impulsar la imatge d\u2019una empresa o instituci\u00f3 des dels seus col\u00b7laterals. Responsabilitat social, qualitat de treball, comprom\u00eds eco \u2026 la seva humanitzaci\u00f3 com a segell distintiu.<\/p>\n<\/div><\/div><\/div><\/div><div class=\"wpb_column vc_column_container service-block vc_col-sm-4  col-xs-mobile-fullwidth\"><div class=\"vc_column-inner \"><div class=\"wpb_wrapper\"><div class=\"last-paragraph-no-margin\"><h4 class=\"service-title\">ELABORACI\u00d3 DE PLA DE COMUNICACI\u00d3<\/h4>\n<div class=\"service-separator\"><\/div>\n<p class=\"service-text\">Estrat\u00e8gia, objectius i valors remant en una \u00fanica direcci\u00f3. Un full de ruta, com\u00fa per a tots els departaments d\u2019una empresa, interns i externs, per llan\u00e7ar-se a l\u2019aventura de comunicar.<\/p>\n<\/div><\/div><\/div><\/div><div class=\"wpb_column vc_column_container vc_col-sm-4  col-xs-mobile-fullwidth\"><div class=\"vc_column-inner \"><div class=\"wpb_wrapper\"><\/div><\/div><\/div><\/div><\/div><\/div><\/div><\/section><div class=\"vc_row-full-width vc_clearfix\"><\/div>\n<section data-vc-full-width=\"true\" data-vc-full-width-init=\"false\" data-vc-stretch-content=\"true\" class=\"vc_row wpb_row vc_row-fluid sections-home vc_custom_1708081534347 vc_row-has-fill pofo-stretch-content\"><div class=\"wpb_column vc_column_container vc_col-sm-12  col-xs-mobile-fullwidth text-center md-text-center sm-text-center xs-text-center\"><div class=\"vc_column-inner \"><div class=\"wpb_wrapper\"><div class=\"vc_row wpb_row vc_inner vc_row-fluid   vc_row-o-content-middle vc_row-flex\"><div class=\"wpb_column vc_column_container vc_col-sm-12  col-xs-mobile-fullwidth\"><div class=\"vc_column-inner \"><div class=\"wpb_wrapper\"><div class=\"last-paragraph-no-margin\"><div class=\"page\" title=\"Page 5\">\n<div class=\"section\">\n<div class=\"layoutArea\" style=\"text-align: center;\">\n<div class=\"column\"><\/div>\n<div class=\"page\" title=\"Page 5\">\n<div class=\"section\">\n<div class=\"layoutArea\" style=\"text-align: center;\">\n<div class=\"column\">\n<h2 style=\"color: #062d41;\">CONTACTE<\/h2>\n<\/div>\n<\/div>\n<\/div>\n<\/div>\n<\/div>\n<\/div>\n<\/div>\n<\/div><div class=\" vc_custom_1708079826687 last-paragraph-no-margin\"><h3 style=\"text-align: center; color: #062d41;\">Podem inspirar-te?<\/h3>\n<\/div><div class=\" vc_custom_1708080147074 last-paragraph-no-margin\"><h4 style=\"color: #062d41; font-weight: 500; font-size: 20px; text-align: center; letter-spacing: 3px!important;\"><span style=\"background-color: #fff; padding-left: 20px; padding-right: 20px;\">NOM\u00c9S EXISTEIX UNA RESPOSTA CORRECTA<\/span><\/h4>\n<\/div><div class=\"last-paragraph-no-margin\"><div class=\"contact-line\" style=\"border-color: #062d41!important;\"><\/div>\n<\/div><\/div><\/div><\/div><\/div>[vc_btn title=&#8221;ENVIAR&#8221; shape=&#8221;round&#8221; color=&#8221;white&#8221; align=&#8221;center&#8221; el_class=&#8221;btn-blue&#8221; link=&#8221;url:https%3A%2F%2Fflandecoco.net%2Fcontacto|||&#8221;]<\/div><\/div><\/div><\/section><div class=\"vc_row-full-width vc_clearfix\"><\/div>\n<\/div>","protected":false},"excerpt":{"rendered":"Consultoria de m\u00e0rqueting SERVEIS M\u00e9s enll\u00e0 de la simple venda, ajudem a aconseguir clients. A FlandeCoco tenim traject\u00f2ria i un coneixement 100% marqueter. Les idees formen part del nostre ADN. AN\u00c0LISI DE MARCA Estudi de la marca, analitzant els seus principals competidors, el funcionament del sector i del mercat, l\u2019usuari i el seu comportament. AUDITORIA DE COMUNICACI\u00d3 An\u00e0lisi, coneixement i expertise de mercat, capa\u00e7 d\u2019ajudar a les empreses a detectar oportunitats i necessitats. I anticipant-se a la compet\u00e8ncia. ASSESSORAMENT ESTRAT\u00c8GIC Animar i incentivar la compra des del valor afegit. Distingir a marques i productes des de la creativitat i l\u2019experi\u00e8ncia FlandeCoco. RELAT CORPORATIU Impulsar la imatge d\u2019una empresa o instituci\u00f3 des dels seus col\u00b7laterals. Responsabilitat social, qualitat de treball, comprom\u00eds eco \u2026 la seva humanitzaci\u00f3 com a segell distintiu. ELABORACI\u00d3 DE PLA DE COMUNICACI\u00d3 Estrat\u00e8gia, objectius i valors remant en una \u00fanica direcci\u00f3. Un full de ruta, com\u00fa per a tots els departaments d\u2019una empresa, interns i externs, per llan\u00e7ar-se a l\u2019aventura de comunicar. CONTACTE Podem inspirar-te? NOM\u00c9S EXISTEIX UNA RESPOSTA CORRECTA [vc_btn title=\"ENVIAR\" shape=\"round\" color=\"white\" align=\"center\" el_class=\"btn-blue\" link=\"url:https%3A%2F%2Fflandecoco.net%2Fcontacto|||\"]","protected":false},"author":1,"featured_media":0,"parent":37984,"menu_order":0,"comment_status":"closed","ping_status":"closed","template":"","meta":{"footnotes":""},"class_list":["post-23261","page","type-page","status-publish","hentry"],"_links":{"self":[{"href":"https:\/\/flandecoco.net\/ca\/wp-json\/wp\/v2\/pages\/23261","targetHints":{"allow":["GET"]}}],"collection":[{"href":"https:\/\/flandecoco.net\/ca\/wp-json\/wp\/v2\/pages"}],"about":[{"href":"https:\/\/flandecoco.net\/ca\/wp-json\/wp\/v2\/types\/page"}],"author":[{"embeddable":true,"href":"https:\/\/flandecoco.net\/ca\/wp-json\/wp\/v2\/users\/1"}],"replies":[{"embeddable":true,"href":"https:\/\/flandecoco.net\/ca\/wp-json\/wp\/v2\/comments?post=23261"}],"version-history":[{"count":10,"href":"https:\/\/flandecoco.net\/ca\/wp-json\/wp\/v2\/pages\/23261\/revisions"}],"predecessor-version":[{"id":37966,"href":"https:\/\/flandecoco.net\/ca\/wp-json\/wp\/v2\/pages\/23261\/revisions\/37966"}],"up":[{"embeddable":true,"href":"https:\/\/flandecoco.net\/ca\/wp-json\/wp\/v2\/pages\/37984"}],"wp:attachment":[{"href":"https:\/\/flandecoco.net\/ca\/wp-json\/wp\/v2\/media?parent=23261"}],"curies":[{"name":"wp","href":"https:\/\/api.w.org\/{rel}","templated":true}]}}