{"id":23256,"date":"2019-01-25T13:42:23","date_gmt":"2019-01-25T13:42:23","guid":{"rendered":"http:\/\/flandecoco.net\/?page_id=23256"},"modified":"2024-02-16T11:20:29","modified_gmt":"2024-02-16T11:20:29","slug":"esdeveniments","status":"publish","type":"page","link":"https:\/\/flandecoco.net\/ca\/serveis\/esdeveniments","title":{"rendered":"ESDEVENIMENTS"},"content":{"rendered":"<div class=\"wpb-content-wrapper\"><section data-vc-full-width=\"true\" data-vc-full-width-init=\"false\" class=\"vc_row wpb_row vc_row-fluid sections-home vc_custom_1708075790958 bg-position-center-center vc_row-has-fill pofo-stretch-content pofo-stretch-row-container\"><div class=\"wpb_column vc_column_container vc_col-sm-12  col-xs-mobile-fullwidth\"><div class=\"vc_column-inner \"><div class=\"wpb_wrapper\"><div class=\"vc_row wpb_row vc_inner vc_row-fluid  vc_custom_1704990833350 vc_row-o-content-top vc_row-flex\"><div class=\"wpb_column vc_column_container vc_col-sm-12  col-xs-mobile-fullwidth\"><div class=\"vc_column-inner vc_custom_1704990824100\"><div class=\"wpb_wrapper\"><div class=\" vc_custom_1708082023619 last-paragraph-no-margin\"><h3 style=\"text-align: center; color: #1e293b;\">Esdeveniments<\/h3>\n<\/div><\/div><\/div><\/div><\/div><div class=\"last-paragraph-no-margin\"><div class=\"page\" title=\"Page 5\">\n<div class=\"section\">\n<div class=\"layoutArea\" style=\"text-align: center;\">\n<div class=\"column\"><\/div>\n<div class=\"page\" title=\"Page 5\">\n<div class=\"section\">\n<div class=\"layoutArea\" style=\"text-align: center;\">\n<div class=\"column\">\n<h2>SERVEIS<\/h2>\n<\/div>\n<\/div>\n<\/div>\n<\/div>\n<\/div>\n<\/div>\n<\/div>\n<\/div><div class=\" vc_custom_1708082040353 last-paragraph-no-margin\"><p class=\"service-intro\" style=\"text-align: center;\">Del m\u00f3n invisible de les idees al tangible d&#8217;un esdeveniment m\u00e0gic. Sense nervis ni mals de cap, a FlandeCoco organitzem de manera \u00edntegra el teu esdeveniment obrint el tel\u00f3 a la m\u00e0gia.<\/p>\n<\/div><div class=\"vc_row wpb_row vc_inner vc_row-fluid\"><div class=\"wpb_column vc_column_container service-block vc_col-sm-4  col-xs-mobile-fullwidth\"><div class=\"vc_column-inner \"><div class=\"wpb_wrapper\"><div class=\"last-paragraph-no-margin\"><h4 class=\"service-title\">Coordinaci\u00f3, Organitzaci\u00f3 i Producci\u00f3<\/h4>\n<div class=\"service-separator\"><\/div>\n<p class=\"service-text\">Tot el que pot necessitar un esdeveniment corporatiu i ni tan sols imaginaves. Idea i escaleta, localitzaci\u00f3, equips t\u00e8cnics, gesti\u00f3 de convidats \u2026 tot el que ni imaginaves, ho ideem i realitzem per a la teva empresa.<\/p>\n<\/div><\/div><\/div><\/div><div class=\"wpb_column vc_column_container service-block vc_col-sm-4  col-xs-mobile-fullwidth\"><div class=\"vc_column-inner \"><div class=\"wpb_wrapper\"><div class=\"last-paragraph-no-margin\"><h4 class=\"service-title\">Street Marketing<\/h4>\n<div class=\"service-separator\"><\/div>\n<p class=\"service-text\">El carrer com a meeting point amb els usuaris: escenari eficient, resultat espectacular.<\/p>\n<\/div><\/div><\/div><\/div><div class=\"wpb_column vc_column_container service-block vc_col-sm-4  col-xs-mobile-fullwidth\"><div class=\"vc_column-inner \"><div class=\"wpb_wrapper\"><div class=\"last-paragraph-no-margin\"><h4 class=\"service-title\">Fires i Congressos<\/h4>\n<div class=\"service-separator\"><\/div>\n<p class=\"service-text\">Des de l\u2019estand o fora de la seva zona de confort, captivar corporativament als visitants.<\/p>\n<\/div><\/div><\/div><\/div><\/div><div class=\"vc_row wpb_row vc_inner vc_row-fluid\"><div class=\"wpb_column vc_column_container service-block vc_col-sm-4  col-xs-mobile-fullwidth\"><div class=\"vc_column-inner \"><div class=\"wpb_wrapper\"><div class=\"last-paragraph-no-margin\"><h4 class=\"service-title\">Viatges Empresarials<\/h4>\n<div class=\"service-separator\"><\/div>\n<p class=\"service-text\">Un incentiu top per a clients i prove\u00efdors que omple la seva maleta amb fidelitzaci\u00f3.<\/p>\n<\/div><\/div><\/div><\/div><div class=\"wpb_column vc_column_container service-block vc_col-sm-4  col-xs-mobile-fullwidth\"><div class=\"vc_column-inner \"><div class=\"wpb_wrapper\"><div class=\"last-paragraph-no-margin\"><h4 class=\"service-title\">Llan\u00e7ament de Productes<\/h4>\n<div class=\"service-separator\"><\/div>\n<p class=\"service-text\">El millor vestit per al moment clau d\u2019una Campanya. De gala FlandeCoco.<\/p>\n<\/div><\/div><\/div><\/div><div class=\"wpb_column vc_column_container service-block vc_col-sm-4  col-xs-mobile-fullwidth\"><div class=\"vc_column-inner \"><div class=\"wpb_wrapper\"><div class=\"last-paragraph-no-margin\"><h4 class=\"service-title\">Actes corporatius<\/h4>\n<div class=\"service-separator\"><\/div>\n<p class=\"service-text\">Sorprendre humanitzant. La identitat d\u2019una empresa bategant en un acte.<\/p>\n<\/div><\/div><\/div><\/div><\/div><div class=\"vc_row wpb_row vc_inner vc_row-fluid\"><div class=\"wpb_column vc_column_container service-block vc_col-sm-4  col-xs-mobile-fullwidth\"><div class=\"vc_column-inner \"><div class=\"wpb_wrapper\"><div class=\"last-paragraph-no-margin\"><h4 class=\"service-title\">Serveis Addicionals<\/h4>\n<div class=\"service-separator\"><\/div>\n<p class=\"service-text\">Els intangibles d\u2019un esdeveniment, els eventuals que una marca oblidaria o preferiria ni pensar, no nom\u00e9s els preveiem en FlandeCoco: els planifiquem al mil\u00b7l\u00edmetre.<\/p>\n<\/div><\/div><\/div><\/div><div class=\"wpb_column vc_column_container service-block vc_col-sm-4  col-xs-mobile-fullwidth\"><div class=\"vc_column-inner \"><div class=\"wpb_wrapper\"><div class=\"last-paragraph-no-margin\"><h4 class=\"service-title\">Fotografia<\/h4>\n<div class=\"service-separator\"><\/div>\n<p class=\"service-text\">En exterior i interior, l\u2019energia d\u2019un acte traslladada a la captura del moment.<\/p>\n<\/div><\/div><\/div><\/div><div class=\"wpb_column vc_column_container service-block vc_col-sm-4  col-xs-mobile-fullwidth\"><div class=\"vc_column-inner \"><div class=\"wpb_wrapper\"><div class=\"last-paragraph-no-margin\"><h4 class=\"service-title\">Regal Promocional<\/h4>\n<div class=\"service-separator\"><\/div>\n<p class=\"service-text\">El regal convertit en record per als assistents, el record convertit en somriure.<\/p>\n<\/div><\/div><\/div><\/div><\/div><\/div><\/div><\/div><\/section><div class=\"vc_row-full-width vc_clearfix\"><\/div><section data-vc-full-width=\"true\" data-vc-full-width-init=\"false\" data-vc-stretch-content=\"true\" class=\"vc_row wpb_row vc_row-fluid sections-home vc_custom_1708081534347 vc_row-has-fill pofo-stretch-content\"><div class=\"wpb_column vc_column_container vc_col-sm-12  col-xs-mobile-fullwidth text-center md-text-center sm-text-center xs-text-center\"><div class=\"vc_column-inner \"><div class=\"wpb_wrapper\"><div class=\"vc_row wpb_row vc_inner vc_row-fluid   vc_row-o-content-middle vc_row-flex\"><div class=\"wpb_column vc_column_container vc_col-sm-12  col-xs-mobile-fullwidth\"><div class=\"vc_column-inner \"><div class=\"wpb_wrapper\"><div class=\"last-paragraph-no-margin\"><div class=\"page\" title=\"Page 5\">\n<div class=\"section\">\n<div class=\"layoutArea\" style=\"text-align: center;\">\n<div class=\"column\"><\/div>\n<div class=\"page\" title=\"Page 5\">\n<div class=\"section\">\n<div class=\"layoutArea\" style=\"text-align: center;\">\n<div class=\"column\">\n<h2 style=\"color: #062d41;\">CONTACTE<\/h2>\n<\/div>\n<\/div>\n<\/div>\n<\/div>\n<\/div>\n<\/div>\n<\/div>\n<\/div><div class=\" vc_custom_1708079826687 last-paragraph-no-margin\"><h3 style=\"text-align: center; color: #062d41;\">Podem inspirar-te?<\/h3>\n<\/div><div class=\" vc_custom_1708080147074 last-paragraph-no-margin\"><h4 style=\"color: #062d41; font-weight: 500; font-size: 20px; text-align: center; letter-spacing: 3px!important;\"><span style=\"background-color: #fff; padding-left: 20px; padding-right: 20px;\">NOM\u00c9S EXISTEIX UNA RESPOSTA CORRECTA<\/span><\/h4>\n<\/div><div class=\"last-paragraph-no-margin\"><div class=\"contact-line\" style=\"border-color: #062d41!important;\"><\/div>\n<\/div><\/div><\/div><\/div><\/div>[vc_btn title=&#8221;ENVIAR&#8221; shape=&#8221;round&#8221; color=&#8221;white&#8221; align=&#8221;center&#8221; el_class=&#8221;btn-blue&#8221; link=&#8221;url:https%3A%2F%2Fflandecoco.net%2Fca%2Fcontacte|||&#8221;]<\/div><\/div><\/div><\/section><div class=\"vc_row-full-width vc_clearfix\"><\/div>\n<\/div>","protected":false},"excerpt":{"rendered":"Esdeveniments SERVEIS Del m\u00f3n invisible de les idees al tangible d'un esdeveniment m\u00e0gic. Sense nervis ni mals de cap, a FlandeCoco organitzem de manera \u00edntegra el teu esdeveniment obrint el tel\u00f3 a la m\u00e0gia. Coordinaci\u00f3, Organitzaci\u00f3 i Producci\u00f3 Tot el que pot necessitar un esdeveniment corporatiu i ni tan sols imaginaves. Idea i escaleta, localitzaci\u00f3, equips t\u00e8cnics, gesti\u00f3 de convidats \u2026 tot el que ni imaginaves, ho ideem i realitzem per a la teva empresa. Street Marketing El carrer com a meeting point amb els usuaris: escenari eficient, resultat espectacular. Fires i Congressos Des de l\u2019estand o fora de la seva zona de confort, captivar corporativament als visitants. Viatges Empresarials Un incentiu top per a clients i prove\u00efdors que omple la seva maleta amb fidelitzaci\u00f3. Llan\u00e7ament de Productes El millor vestit per al moment clau d\u2019una Campanya. De gala FlandeCoco. Actes corporatius Sorprendre humanitzant. La identitat d\u2019una empresa bategant en un acte. Serveis Addicionals Els intangibles d\u2019un esdeveniment, els eventuals que una marca oblidaria o preferiria ni pensar, no nom\u00e9s els preveiem en FlandeCoco: els planifiquem al mil\u00b7l\u00edmetre. Fotografia En exterior i interior, l\u2019energia d\u2019un acte traslladada a la captura del moment. Regal Promocional El regal convertit en record per...","protected":false},"author":1,"featured_media":0,"parent":37984,"menu_order":0,"comment_status":"closed","ping_status":"closed","template":"","meta":{"footnotes":""},"class_list":["post-23256","page","type-page","status-publish","hentry"],"_links":{"self":[{"href":"https:\/\/flandecoco.net\/ca\/wp-json\/wp\/v2\/pages\/23256","targetHints":{"allow":["GET"]}}],"collection":[{"href":"https:\/\/flandecoco.net\/ca\/wp-json\/wp\/v2\/pages"}],"about":[{"href":"https:\/\/flandecoco.net\/ca\/wp-json\/wp\/v2\/types\/page"}],"author":[{"embeddable":true,"href":"https:\/\/flandecoco.net\/ca\/wp-json\/wp\/v2\/users\/1"}],"replies":[{"embeddable":true,"href":"https:\/\/flandecoco.net\/ca\/wp-json\/wp\/v2\/comments?post=23256"}],"version-history":[{"count":9,"href":"https:\/\/flandecoco.net\/ca\/wp-json\/wp\/v2\/pages\/23256\/revisions"}],"predecessor-version":[{"id":37969,"href":"https:\/\/flandecoco.net\/ca\/wp-json\/wp\/v2\/pages\/23256\/revisions\/37969"}],"up":[{"embeddable":true,"href":"https:\/\/flandecoco.net\/ca\/wp-json\/wp\/v2\/pages\/37984"}],"wp:attachment":[{"href":"https:\/\/flandecoco.net\/ca\/wp-json\/wp\/v2\/media?parent=23256"}],"curies":[{"name":"wp","href":"https:\/\/api.w.org\/{rel}","templated":true}]}}