{"id":23253,"date":"2019-01-25T13:18:15","date_gmt":"2019-01-25T13:18:15","guid":{"rendered":"http:\/\/flandecoco.net\/?page_id=23253"},"modified":"2024-02-16T11:31:53","modified_gmt":"2024-02-16T11:31:53","slug":"espais-efimers","status":"publish","type":"page","link":"https:\/\/flandecoco.net\/ca\/serveis\/espais-efimers","title":{"rendered":"ESPAIS EF\u00cdMERS"},"content":{"rendered":"<div class=\"wpb-content-wrapper\"><section data-vc-full-width=\"true\" data-vc-full-width-init=\"false\" class=\"vc_row wpb_row vc_row-fluid sections-home vc_custom_1708075790958 bg-position-center-center vc_row-has-fill pofo-stretch-content pofo-stretch-row-container\"><div class=\"wpb_column vc_column_container vc_col-sm-12  col-xs-mobile-fullwidth\"><div class=\"vc_column-inner \"><div class=\"wpb_wrapper\"><div class=\"vc_row wpb_row vc_inner vc_row-fluid  vc_custom_1704990833350 vc_row-o-content-top vc_row-flex\"><div class=\"wpb_column vc_column_container vc_col-sm-12  col-xs-mobile-fullwidth\"><div class=\"vc_column-inner vc_custom_1704990824100\"><div class=\"wpb_wrapper\"><div class=\" vc_custom_1708082982526 last-paragraph-no-margin\"><h3 style=\"text-align: center; color: #1e293b;\">Espais ef\u00edmers<\/h3>\n<\/div><\/div><\/div><\/div><\/div><div class=\"last-paragraph-no-margin\"><div class=\"page\" title=\"Page 5\">\n<div class=\"section\">\n<div class=\"layoutArea\" style=\"text-align: center;\">\n<div class=\"column\"><\/div>\n<div class=\"page\" title=\"Page 5\">\n<div class=\"section\">\n<div class=\"layoutArea\" style=\"text-align: center;\">\n<div class=\"column\">\n<h2>SERVEIS<\/h2>\n<\/div>\n<\/div>\n<\/div>\n<\/div>\n<\/div>\n<\/div>\n<\/div>\n<\/div><div class=\" vc_custom_1708082958842 last-paragraph-no-margin\"><p class=\"service-intro\" style=\"text-align: center;\">Oferir un record permanent a all\u00f2 que \u00e9s fuga\u00e7 i momentani. Dissenyem, creem i executem Espais (estands, aparadors, c\u00f3rners, etc.) que converteixen l&#8217;ef\u00edmer en art per a la mem\u00f2ria de les empreses i clients.<\/p>\n<\/div><div class=\"vc_row wpb_row vc_inner vc_row-fluid\"><div class=\"wpb_column vc_column_container service-block vc_col-sm-4  col-xs-mobile-fullwidth\"><div class=\"vc_column-inner \"><div class=\"wpb_wrapper\"><div class=\"last-paragraph-no-margin\"><h4 class=\"service-title\">Coordinaci\u00f3, Organitzaci\u00f3 i Producci\u00f3<\/h4>\n<div class=\"service-separator\"><\/div>\n<p class=\"service-text\">Cuidem com or el temps dels nostres clients. Claus en m\u00e0, des de la idea inicial fins a la seva construcci\u00f3 definitiva.<\/p>\n<\/div><\/div><\/div><\/div><div class=\"wpb_column vc_column_container service-block vc_col-sm-4  col-xs-mobile-fullwidth\"><div class=\"vc_column-inner \"><div class=\"wpb_wrapper\"><div class=\"last-paragraph-no-margin\"><h4 class=\"service-title\">Estand<\/h4>\n<div class=\"service-separator\"><\/div>\n<p class=\"service-text\">La distinci\u00f3 de la compet\u00e8ncia en la pres\u00e8ncia d\u2019una empresa en fires i congressos.<\/p>\n<\/div><\/div><\/div><\/div><div class=\"wpb_column vc_column_container service-block vc_col-sm-4  col-xs-mobile-fullwidth\"><div class=\"vc_column-inner \"><div class=\"wpb_wrapper\"><div class=\"last-paragraph-no-margin\"><h4 class=\"service-title\">C\u00f3rner Comercial<\/h4>\n<div class=\"service-separator\"><\/div>\n<p class=\"service-text\">L\u2019atractiu comercial des de la invitaci\u00f3 fins a l\u2019acostament dels consumidors.<\/p>\n<\/div><\/div><\/div><\/div><\/div><div class=\"vc_row wpb_row vc_inner vc_row-fluid\"><div class=\"wpb_column vc_column_container service-block vc_col-sm-4  col-xs-mobile-fullwidth\"><div class=\"vc_column-inner \"><div class=\"wpb_wrapper\"><div class=\"last-paragraph-no-margin\"><h4 class=\"service-title\">Aparadorisme<\/h4>\n<div class=\"service-separator\"><\/div>\n<p class=\"service-text\">La seducci\u00f3 que crida a la pausa al carrer. Un stop com a primer pas a l\u2019entrada en botiga.<\/p>\n<\/div><\/div><\/div><\/div><div class=\"wpb_column vc_column_container service-block vc_col-sm-4  col-xs-mobile-fullwidth\"><div class=\"vc_column-inner \"><div class=\"wpb_wrapper\"><div class=\"last-paragraph-no-margin\"><h4 class=\"service-title\">Implementaci\u00f3 en botiga<\/h4>\n<div class=\"service-separator\"><\/div>\n<p class=\"service-text\">El \u201ca mida\u201d dels ef\u00edmers. Espais de seducci\u00f3 que s\u2019adapten a qualsevol \u00e0rea.<\/p>\n<\/div><\/div><\/div><\/div><div class=\"wpb_column vc_column_container vc_col-sm-4  col-xs-mobile-fullwidth\"><div class=\"vc_column-inner \"><div class=\"wpb_wrapper\"><\/div><\/div><\/div><\/div><\/div><\/div><\/div><\/section><div class=\"vc_row-full-width vc_clearfix\"><\/div><section class=\"vc_row wpb_row vc_row-fluid\"><div class=\"wpb_column vc_column_container  col-xs-mobile-fullwidth\"><div class=\"vc_column-inner \"><div class=\"wpb_wrapper\"><div class=\"last-paragraph-no-margin\"><\/div><\/div><\/div><\/div><\/section><section data-vc-full-width=\"true\" data-vc-full-width-init=\"false\" data-vc-stretch-content=\"true\" class=\"vc_row wpb_row vc_row-fluid sections-home vc_custom_1708081534347 vc_row-has-fill pofo-stretch-content\"><div class=\"wpb_column vc_column_container vc_col-sm-12  col-xs-mobile-fullwidth text-center md-text-center sm-text-center xs-text-center\"><div class=\"vc_column-inner \"><div class=\"wpb_wrapper\"><div class=\"vc_row wpb_row vc_inner vc_row-fluid   vc_row-o-content-middle vc_row-flex\"><div class=\"wpb_column vc_column_container vc_col-sm-12  col-xs-mobile-fullwidth\"><div class=\"vc_column-inner \"><div class=\"wpb_wrapper\"><div class=\"last-paragraph-no-margin\"><div class=\"page\" title=\"Page 5\">\n<div class=\"section\">\n<div class=\"layoutArea\" style=\"text-align: center;\">\n<div class=\"column\"><\/div>\n<div class=\"page\" title=\"Page 5\">\n<div class=\"section\">\n<div class=\"layoutArea\" style=\"text-align: center;\">\n<div class=\"column\">\n<h2 style=\"color: #062d41;\">CONTACTE<\/h2>\n<\/div>\n<\/div>\n<\/div>\n<\/div>\n<\/div>\n<\/div>\n<\/div>\n<\/div><div class=\" vc_custom_1708079826687 last-paragraph-no-margin\"><h3 style=\"text-align: center; color: #062d41;\">Podem inspirar-te?<\/h3>\n<\/div><div class=\" vc_custom_1708080147074 last-paragraph-no-margin\"><h4 style=\"color: #062d41; font-weight: 500; font-size: 20px; text-align: center; letter-spacing: 3px!important;\"><span style=\"background-color: #fff; padding-left: 20px; padding-right: 20px;\">NOM\u00c9S EXISTEIX UNA RESPOSTA CORRECTA<\/span><\/h4>\n<\/div><div class=\"last-paragraph-no-margin\"><div class=\"contact-line\" style=\"border-color: #062d41!important;\"><\/div>\n<\/div><\/div><\/div><\/div><\/div>[vc_btn title=&#8221;ENVIAR&#8221; shape=&#8221;round&#8221; color=&#8221;white&#8221; align=&#8221;center&#8221; el_class=&#8221;btn-blue&#8221; link=&#8221;url:https%3A%2F%2Fflandecoco.net%2Fcontacto|||&#8221;]<\/div><\/div><\/div><\/section><div class=\"vc_row-full-width vc_clearfix\"><\/div>\n<\/div>","protected":false},"excerpt":{"rendered":"Espais ef\u00edmers SERVEIS Oferir un record permanent a all\u00f2 que \u00e9s fuga\u00e7 i momentani. Dissenyem, creem i executem Espais (estands, aparadors, c\u00f3rners, etc.) que converteixen l'ef\u00edmer en art per a la mem\u00f2ria de les empreses i clients. Coordinaci\u00f3, Organitzaci\u00f3 i Producci\u00f3 Cuidem com or el temps dels nostres clients. Claus en m\u00e0, des de la idea inicial fins a la seva construcci\u00f3 definitiva. Estand La distinci\u00f3 de la compet\u00e8ncia en la pres\u00e8ncia d\u2019una empresa en fires i congressos. C\u00f3rner Comercial L\u2019atractiu comercial des de la invitaci\u00f3 fins a l\u2019acostament dels consumidors. Aparadorisme La seducci\u00f3 que crida a la pausa al carrer. Un stop com a primer pas a l\u2019entrada en botiga. Implementaci\u00f3 en botiga El \u201ca mida\u201d dels ef\u00edmers. Espais de seducci\u00f3 que s\u2019adapten a qualsevol \u00e0rea. CONTACTE Podem inspirar-te? NOM\u00c9S EXISTEIX UNA RESPOSTA CORRECTA [vc_btn title=\"ENVIAR\" shape=\"round\" color=\"white\" align=\"center\" el_class=\"btn-blue\" link=\"url:https%3A%2F%2Fflandecoco.net%2Fcontacto|||\"]","protected":false},"author":1,"featured_media":0,"parent":37984,"menu_order":0,"comment_status":"closed","ping_status":"closed","template":"","meta":{"footnotes":""},"class_list":["post-23253","page","type-page","status-publish","hentry"],"_links":{"self":[{"href":"https:\/\/flandecoco.net\/ca\/wp-json\/wp\/v2\/pages\/23253","targetHints":{"allow":["GET"]}}],"collection":[{"href":"https:\/\/flandecoco.net\/ca\/wp-json\/wp\/v2\/pages"}],"about":[{"href":"https:\/\/flandecoco.net\/ca\/wp-json\/wp\/v2\/types\/page"}],"author":[{"embeddable":true,"href":"https:\/\/flandecoco.net\/ca\/wp-json\/wp\/v2\/users\/1"}],"replies":[{"embeddable":true,"href":"https:\/\/flandecoco.net\/ca\/wp-json\/wp\/v2\/comments?post=23253"}],"version-history":[{"count":8,"href":"https:\/\/flandecoco.net\/ca\/wp-json\/wp\/v2\/pages\/23253\/revisions"}],"predecessor-version":[{"id":37971,"href":"https:\/\/flandecoco.net\/ca\/wp-json\/wp\/v2\/pages\/23253\/revisions\/37971"}],"up":[{"embeddable":true,"href":"https:\/\/flandecoco.net\/ca\/wp-json\/wp\/v2\/pages\/37984"}],"wp:attachment":[{"href":"https:\/\/flandecoco.net\/ca\/wp-json\/wp\/v2\/media?parent=23253"}],"curies":[{"name":"wp","href":"https:\/\/api.w.org\/{rel}","templated":true}]}}