{"id":23250,"date":"2019-01-25T13:08:55","date_gmt":"2019-01-25T13:08:55","guid":{"rendered":"http:\/\/flandecoco.net\/?page_id=23250"},"modified":"2024-02-16T10:43:15","modified_gmt":"2024-02-16T10:43:15","slug":"creativitat-i-arts-grafiques","status":"publish","type":"page","link":"https:\/\/flandecoco.net\/ca\/serveis\/creativitat-i-arts-grafiques","title":{"rendered":"DISSENY GR\u00c0FIC"},"content":{"rendered":"<div class=\"wpb-content-wrapper\"><section data-vc-full-width=\"true\" data-vc-full-width-init=\"false\" class=\"vc_row wpb_row vc_row-fluid sections-home vc_custom_1708075790958 bg-position-center-center vc_row-has-fill pofo-stretch-content pofo-stretch-row-container\"><div class=\"wpb_column vc_column_container vc_col-sm-12  col-xs-mobile-fullwidth\"><div class=\"vc_column-inner \"><div class=\"wpb_wrapper\"><div class=\"vc_row wpb_row vc_inner vc_row-fluid  vc_custom_1704990833350 vc_row-o-content-top vc_row-flex\"><div class=\"wpb_column vc_column_container vc_col-sm-12  col-xs-mobile-fullwidth\"><div class=\"vc_column-inner vc_custom_1704990824100\"><div class=\"wpb_wrapper\"><div class=\" vc_custom_1708079536595 last-paragraph-no-margin\"><h3 style=\"text-align: center; color: #1e293b;\">Disseny gr\u00e0fic<\/h3>\n<\/div><\/div><\/div><\/div><\/div><div class=\"last-paragraph-no-margin\"><div class=\"page\" title=\"Page 5\">\n<div class=\"section\">\n<div class=\"layoutArea\" style=\"text-align: center;\">\n<div class=\"column\"><\/div>\n<div class=\"page\" title=\"Page 5\">\n<div class=\"section\">\n<div class=\"layoutArea\" style=\"text-align: center;\">\n<div class=\"column\">\n<h2>SERVEIS<\/h2>\n<\/div>\n<\/div>\n<\/div>\n<\/div>\n<\/div>\n<\/div>\n<\/div>\n<\/div><div class=\" vc_custom_1708079565493 last-paragraph-no-margin\"><p class=\"service-intro\" style=\"text-align: center;\">El bon disseny \u00e9s obvi, el genial \u00e9s transparent. Modelem la teva imatge de marca per projectar-la fins el teu p\u00fablic i client des de l&#8217;enginy creatiu de la transpar\u00e8ncia.<\/p>\n<\/div><div class=\"vc_row wpb_row vc_inner vc_row-fluid\"><div class=\"wpb_column vc_column_container service-block vc_col-sm-4  col-xs-mobile-fullwidth\"><div class=\"vc_column-inner \"><div class=\"wpb_wrapper\"><div class=\"last-paragraph-no-margin\"><h4 class=\"service-title\">BRANDING<\/h4>\n<div class=\"service-separator\"><\/div>\n<p class=\"service-text\">La seducci\u00f3 del missatge comunicat visualment. Un equip top de dissenyadors i il\u00b7lustradors creatius que connecten des de l\u2019art de la imatge. Molt m\u00e9s eficient que mil paraules.<\/p>\n<\/div><\/div><\/div><\/div><div class=\"wpb_column vc_column_container service-block vc_col-sm-4  col-xs-mobile-fullwidth\"><div class=\"vc_column-inner \"><div class=\"wpb_wrapper\"><div class=\"last-paragraph-no-margin\"><h4 class=\"service-title\">Imatge corporativa<\/h4>\n<div class=\"service-separator\"><\/div>\n<p class=\"service-text\">La identitat corporativa constru\u00efda des dels fonaments. L\u2019impacte inicial de Logo, Brochure o Papereria made by FlandeCoco identificant a la marca i transmetent els seus valors.<\/p>\n<\/div><\/div><\/div><\/div><div class=\"wpb_column vc_column_container service-block vc_col-sm-4  col-xs-mobile-fullwidth\"><div class=\"vc_column-inner \"><div class=\"wpb_wrapper\"><div class=\"last-paragraph-no-margin\"><h4 class=\"service-title\">Disseny editorial<\/h4>\n<div class=\"service-separator\"><\/div>\n<p class=\"service-text\">Marques i empreses entrant a la llar dels seus potencials clients. Un vestit de gala, f\u00edsic i impr\u00e8s, que comunica amb efici\u00e8ncia i durabilitat. Una eina imprescindible per a l\u2019arsenal de M\u00e0rqueting corporatiu.<\/p>\n<\/div><\/div><\/div><\/div><\/div><div class=\"vc_row wpb_row vc_inner vc_row-fluid\"><div class=\"wpb_column vc_column_container service-block vc_col-sm-4  col-xs-mobile-fullwidth\"><div class=\"vc_column-inner \"><div class=\"wpb_wrapper\"><div class=\"last-paragraph-no-margin\"><h4 class=\"service-title\">STORYTELLING<\/h4>\n<div class=\"service-separator\"><\/div>\n<p class=\"service-text\">Les hist\u00f2ries s\u00f3n informacions amb \u00e0nima. Continguts multiformat que emocionen, entretenen i sedueixen. Relats que doten d\u2019\u00e0nima al di\u00e0leg entre empreses i consumidors.<\/p>\n<\/div><\/div><\/div><\/div><div class=\"wpb_column vc_column_container service-block vc_col-sm-4  col-xs-mobile-fullwidth\"><div class=\"vc_column-inner \"><div class=\"wpb_wrapper\"><\/div><\/div><\/div><div class=\"wpb_column vc_column_container vc_col-sm-4  col-xs-mobile-fullwidth\"><div class=\"vc_column-inner \"><div class=\"wpb_wrapper\"><\/div><\/div><\/div><\/div><\/div><\/div><\/div><\/section><div class=\"vc_row-full-width vc_clearfix\"><\/div><section data-vc-full-width=\"true\" data-vc-full-width-init=\"false\" data-vc-stretch-content=\"true\" class=\"vc_row wpb_row vc_row-fluid sections-home vc_custom_1708075971002 vc_row-has-fill pofo-stretch-content\"><div class=\"wpb_column vc_column_container vc_col-sm-12  col-xs-mobile-fullwidth text-center md-text-center sm-text-center xs-text-center\"><div class=\"vc_column-inner \"><div class=\"wpb_wrapper\"><div class=\"vc_row wpb_row vc_inner vc_row-fluid   vc_row-o-content-middle vc_row-flex\"><div class=\"wpb_column vc_column_container vc_col-sm-12  col-xs-mobile-fullwidth\"><div class=\"vc_column-inner \"><div class=\"wpb_wrapper\"><div class=\"last-paragraph-no-margin\"><div class=\"page\" title=\"Page 5\">\n<div class=\"section\">\n<div class=\"layoutArea\" style=\"text-align: center;\">\n<div class=\"column\"><\/div>\n<div class=\"page\" title=\"Page 5\">\n<div class=\"section\">\n<div class=\"layoutArea\" style=\"text-align: center;\">\n<div class=\"column\">\n<h2 style=\"color: #062d41;\">CONTACTE<\/h2>\n<\/div>\n<\/div>\n<\/div>\n<\/div>\n<\/div>\n<\/div>\n<\/div>\n<\/div><div class=\" vc_custom_1708079826687 last-paragraph-no-margin\"><h3 style=\"text-align: center; color: #062d41;\">Podem inspirar-te?<\/h3>\n<\/div><div class=\" vc_custom_1708080194506 last-paragraph-no-margin\"><h4 style=\"color: #062d41; font-weight: 500; font-size: 20px; text-align: center; letter-spacing: 3px!important;\"><span style=\"background-color: #fff; padding-left: 20px; padding-right: 20px;\">NOM\u00c9S EXISTEIX UNA RESPOSTA CORRECTA<\/span><\/h4>\n<\/div><div class=\"last-paragraph-no-margin\"><div class=\"contact-line\" style=\"border-color: #062d41!important;\"><\/div>\n<\/div><\/div><\/div><\/div><\/div>[vc_btn title=&#8221;ENVIAR&#8221; shape=&#8221;round&#8221; color=&#8221;white&#8221; align=&#8221;center&#8221; el_class=&#8221;btn-blue&#8221; link=&#8221;url:https%3A%2F%2Fflandecoco.net%2Fcontacto|||&#8221;]<\/div><\/div><\/div><\/section><div class=\"vc_row-full-width vc_clearfix\"><\/div>\n<\/div>","protected":false},"excerpt":{"rendered":"Disseny gr\u00e0fic SERVEIS El bon disseny \u00e9s obvi, el genial \u00e9s transparent. Modelem la teva imatge de marca per projectar-la fins el teu p\u00fablic i client des de l'enginy creatiu de la transpar\u00e8ncia. BRANDING La seducci\u00f3 del missatge comunicat visualment. Un equip top de dissenyadors i il\u00b7lustradors creatius que connecten des de l\u2019art de la imatge. Molt m\u00e9s eficient que mil paraules. Imatge corporativa La identitat corporativa constru\u00efda des dels fonaments. L\u2019impacte inicial de Logo, Brochure o Papereria made by FlandeCoco identificant a la marca i transmetent els seus valors. Disseny editorial Marques i empreses entrant a la llar dels seus potencials clients. Un vestit de gala, f\u00edsic i impr\u00e8s, que comunica amb efici\u00e8ncia i durabilitat. Una eina imprescindible per a l\u2019arsenal de M\u00e0rqueting corporatiu. STORYTELLING Les hist\u00f2ries s\u00f3n informacions amb \u00e0nima. Continguts multiformat que emocionen, entretenen i sedueixen. Relats que doten d\u2019\u00e0nima al di\u00e0leg entre empreses i consumidors. CONTACTE Podem inspirar-te? NOM\u00c9S EXISTEIX UNA RESPOSTA CORRECTA [vc_btn title=\"ENVIAR\" shape=\"round\" color=\"white\" align=\"center\" el_class=\"btn-blue\" link=\"url:https%3A%2F%2Fflandecoco.net%2Fcontacto|||\"]","protected":false},"author":1,"featured_media":0,"parent":37984,"menu_order":0,"comment_status":"closed","ping_status":"closed","template":"","meta":{"footnotes":""},"class_list":["post-23250","page","type-page","status-publish","hentry"],"_links":{"self":[{"href":"https:\/\/flandecoco.net\/ca\/wp-json\/wp\/v2\/pages\/23250","targetHints":{"allow":["GET"]}}],"collection":[{"href":"https:\/\/flandecoco.net\/ca\/wp-json\/wp\/v2\/pages"}],"about":[{"href":"https:\/\/flandecoco.net\/ca\/wp-json\/wp\/v2\/types\/page"}],"author":[{"embeddable":true,"href":"https:\/\/flandecoco.net\/ca\/wp-json\/wp\/v2\/users\/1"}],"replies":[{"embeddable":true,"href":"https:\/\/flandecoco.net\/ca\/wp-json\/wp\/v2\/comments?post=23250"}],"version-history":[{"count":10,"href":"https:\/\/flandecoco.net\/ca\/wp-json\/wp\/v2\/pages\/23250\/revisions"}],"predecessor-version":[{"id":37963,"href":"https:\/\/flandecoco.net\/ca\/wp-json\/wp\/v2\/pages\/23250\/revisions\/37963"}],"up":[{"embeddable":true,"href":"https:\/\/flandecoco.net\/ca\/wp-json\/wp\/v2\/pages\/37984"}],"wp:attachment":[{"href":"https:\/\/flandecoco.net\/ca\/wp-json\/wp\/v2\/media?parent=23250"}],"curies":[{"name":"wp","href":"https:\/\/api.w.org\/{rel}","templated":true}]}}