{"id":23240,"date":"2019-01-25T12:35:34","date_gmt":"2019-01-25T12:35:34","guid":{"rendered":"http:\/\/flandecoco.net\/?page_id=23240"},"modified":"2024-02-16T10:42:48","modified_gmt":"2024-02-16T10:42:48","slug":"agenda-de-mitjans","status":"publish","type":"page","link":"https:\/\/flandecoco.net\/ca\/serveis\/agenda-de-mitjans","title":{"rendered":"AGENDA DE MITJANS"},"content":{"rendered":"<div class=\"wpb-content-wrapper\"><section data-vc-full-width=\"true\" data-vc-full-width-init=\"false\" class=\"vc_row wpb_row vc_row-fluid sections-home vc_custom_1708075790958 bg-position-center-center vc_row-has-fill pofo-stretch-content pofo-stretch-row-container\"><div class=\"wpb_column vc_column_container vc_col-sm-12  col-xs-mobile-fullwidth\"><div class=\"vc_column-inner \"><div class=\"wpb_wrapper\"><div class=\"vc_row wpb_row vc_inner vc_row-fluid  vc_custom_1704990833350 vc_row-o-content-top vc_row-flex\"><div class=\"wpb_column vc_column_container vc_col-sm-12  col-xs-mobile-fullwidth\"><div class=\"vc_column-inner vc_custom_1704990824100\"><div class=\"wpb_wrapper\"><div class=\" vc_custom_1708079938024 last-paragraph-no-margin\"><h3 style=\"text-align: center; color: #1e293b;\">Agenda de mitjans<\/h3>\n<\/div><\/div><\/div><\/div><\/div><div class=\"last-paragraph-no-margin\"><div class=\"page\" title=\"Page 5\">\n<div class=\"section\">\n<div class=\"layoutArea\" style=\"text-align: center;\">\n<div class=\"column\"><\/div>\n<div class=\"page\" title=\"Page 5\">\n<div class=\"section\">\n<div class=\"layoutArea\" style=\"text-align: center;\">\n<div class=\"column\">\n<h2>SERVEIS<\/h2>\n<\/div>\n<\/div>\n<\/div>\n<\/div>\n<\/div>\n<\/div>\n<\/div>\n<\/div><div class=\" vc_custom_1708079952890 last-paragraph-no-margin\"><p class=\"service-intro\" style=\"text-align: center;\">Siguin quines siguin les paraules que utilitzem, han de ser usades amb cura perqu\u00e8 la gent que les escolti rebr\u00e0, per b\u00e9 o malament, una influ\u00e8ncia. Fem servir paraules i mitjans per influir b\u00e9.<\/p>\n<\/div><div class=\"vc_row wpb_row vc_inner vc_row-fluid\"><div class=\"wpb_column vc_column_container service-block vc_col-sm-4  col-xs-mobile-fullwidth\"><div class=\"vc_column-inner \"><div class=\"wpb_wrapper\"><div class=\"last-paragraph-no-margin\"><h4 class=\"service-title\">PLAN DE COMUNICACI\u00d3<\/h4>\n<div class=\"service-separator\"><\/div>\n<p class=\"service-text\">Estrat\u00e8gia, objectius i valors remant en id\u00e8ntica direcci\u00f3. Un full de ruta, com\u00fa per a tots els departaments d\u2019una empresa, interns i externs, per llan\u00e7ar-se a l\u2019aventura de comunicar.<\/p>\n<\/div><\/div><\/div><\/div><div class=\"wpb_column vc_column_container service-block vc_col-sm-4  col-xs-mobile-fullwidth\"><div class=\"vc_column-inner \"><div class=\"wpb_wrapper\"><div class=\"last-paragraph-no-margin\"><h4 class=\"service-title\">PLANIFICACI\u00d3 DE MITJANS<\/h4>\n<div class=\"service-separator\"><\/div>\n<p class=\"service-text\">Audi\u00e8ncia, plataformes, freq\u00fc\u00e8ncia, pressupost \u2026 la combinaci\u00f3 ideal per a la resposta m\u00e9s efectiva a una campanya. El perfecte Tetris de mitjans per transmetre perfectament un missatge a l\u2019audi\u00e8ncia objectiu.<\/p>\n<\/div><\/div><\/div><\/div><div class=\"wpb_column vc_column_container service-block vc_col-sm-4  col-xs-mobile-fullwidth\"><div class=\"vc_column-inner \"><div class=\"wpb_wrapper\"><div class=\"last-paragraph-no-margin\"><h4 class=\"service-title\">COMUNICACI\u00d3 ONLINE I OFFLINE<\/h4>\n<div class=\"service-separator\"><\/div>\n<p class=\"service-text\">D\u2019enemics \u00edntims a matrimoni (gaireb\u00e9) indissoluble. La revoluci\u00f3 social i tecnol\u00f2gica ofereix nexes comuns on i offline a l\u2019hora de propagar un missatge. Una revoluci\u00f3 que a FlandeCoco ens encanta abanderar.<\/p>\n<\/div><\/div><\/div><\/div><\/div><div class=\"vc_row wpb_row vc_inner vc_row-fluid\"><div class=\"wpb_column vc_column_container service-block vc_col-sm-4  col-xs-mobile-fullwidth\"><div class=\"vc_column-inner \"><div class=\"wpb_wrapper\"><div class=\"last-paragraph-no-margin\"><h4 class=\"service-title\">GABINET DE PREMSA<\/h4>\n<div class=\"service-separator\"><\/div>\n<p class=\"service-text\">Accessibilitat total als mitjans. El Gabinet FlandeCoco pot ser el teu equip extern per a cobertura d\u2019esdeveniments, clippings, dossiers, mem\u00f2ries, redacci\u00f3 de notes de premsa\u2026 connexi\u00f3 full-equip amb els mitjans.<\/p>\n<\/div><\/div><\/div><\/div><div class=\"wpb_column vc_column_container service-block vc_col-sm-4  col-xs-mobile-fullwidth\"><div class=\"vc_column-inner \"><div class=\"wpb_wrapper\"><div class=\"last-paragraph-no-margin\"><h4 class=\"service-title\">RELACIONS P\u00daBLIQUES<\/h4>\n<div class=\"service-separator\"><\/div>\n<p class=\"service-text\">Un desafiament per a empreses i organitzacions: ja no importa nom\u00e9s el que es ven, tamb\u00e9 el que fan, diuen i pensen els que venen. El que la gent pensa de les empreses \u00e9s un repte per a FlandeCoco.<\/p>\n<\/div><\/div><\/div><\/div><div class=\"wpb_column vc_column_container vc_col-sm-4  col-xs-mobile-fullwidth\"><div class=\"vc_column-inner \"><div class=\"wpb_wrapper\"><div class=\"last-paragraph-no-margin\"><h4 class=\"service-title\">PUBLICITY \u2013 VIPS \u2013 INFLUENCERS<\/h4>\n<div class=\"service-separator\"><\/div>\n<p class=\"service-text\">Transmetre, m\u00e9s enll\u00e0 de la venda, una determinada imatge de marca o un corrent positiu cap a ella des dels altaveus de VIPS, influencers i mitjans no estrictament de pagament. La legitimitat que va m\u00e9s enll\u00e0 de la venda.<\/p>\n<\/div><\/div><\/div><\/div><\/div><\/div><\/div><\/div><\/section><div class=\"vc_row-full-width vc_clearfix\"><\/div><section data-vc-full-width=\"true\" data-vc-full-width-init=\"false\" data-vc-stretch-content=\"true\" class=\"vc_row wpb_row vc_row-fluid sections-home vc_custom_1708075971002 vc_row-has-fill pofo-stretch-content\"><div class=\"wpb_column vc_column_container vc_col-sm-12  col-xs-mobile-fullwidth text-center md-text-center sm-text-center xs-text-center\"><div class=\"vc_column-inner \"><div class=\"wpb_wrapper\"><div class=\"vc_row wpb_row vc_inner vc_row-fluid   vc_row-o-content-middle vc_row-flex\"><div class=\"wpb_column vc_column_container vc_col-sm-12  col-xs-mobile-fullwidth\"><div class=\"vc_column-inner \"><div class=\"wpb_wrapper\"><div class=\"last-paragraph-no-margin\"><div class=\"page\" title=\"Page 5\">\n<div class=\"section\">\n<div class=\"layoutArea\" style=\"text-align: center;\">\n<div class=\"column\"><\/div>\n<div class=\"page\" title=\"Page 5\">\n<div class=\"section\">\n<div class=\"layoutArea\" style=\"text-align: center;\">\n<div class=\"column\">\n<h2 style=\"color: #062d41;\">CONTACTE<\/h2>\n<\/div>\n<\/div>\n<\/div>\n<\/div>\n<\/div>\n<\/div>\n<\/div>\n<\/div><div class=\" vc_custom_1708079826687 last-paragraph-no-margin\"><h3 style=\"text-align: center; color: #062d41;\">Podem inspirar-te?<\/h3>\n<\/div><div class=\" vc_custom_1708080147074 last-paragraph-no-margin\"><h4 style=\"color: #062d41; font-weight: 500; font-size: 20px; text-align: center; letter-spacing: 3px!important;\"><span style=\"background-color: #fff; padding-left: 20px; padding-right: 20px;\">NOM\u00c9S EXISTEIX UNA RESPOSTA CORRECTA<\/span><\/h4>\n<\/div><div class=\"last-paragraph-no-margin\"><div class=\"contact-line\" style=\"border-color: #062d41!important;\"><\/div>\n<\/div><\/div><\/div><\/div><\/div>[vc_btn title=&#8221;ENVIAR&#8221; shape=&#8221;round&#8221; color=&#8221;white&#8221; align=&#8221;center&#8221; el_class=&#8221;btn-blue&#8221; link=&#8221;url:https%3A%2F%2Fflandecoco.net%2Fcontacto|||&#8221;]<\/div><\/div><\/div><\/section><div class=\"vc_row-full-width vc_clearfix\"><\/div>\n<\/div>","protected":false},"excerpt":{"rendered":"Agenda de mitjans SERVEIS Siguin quines siguin les paraules que utilitzem, han de ser usades amb cura perqu\u00e8 la gent que les escolti rebr\u00e0, per b\u00e9 o malament, una influ\u00e8ncia. Fem servir paraules i mitjans per influir b\u00e9. PLAN DE COMUNICACI\u00d3 Estrat\u00e8gia, objectius i valors remant en id\u00e8ntica direcci\u00f3. Un full de ruta, com\u00fa per a tots els departaments d\u2019una empresa, interns i externs, per llan\u00e7ar-se a l\u2019aventura de comunicar. PLANIFICACI\u00d3 DE MITJANS Audi\u00e8ncia, plataformes, freq\u00fc\u00e8ncia, pressupost \u2026 la combinaci\u00f3 ideal per a la resposta m\u00e9s efectiva a una campanya. El perfecte Tetris de mitjans per transmetre perfectament un missatge a l\u2019audi\u00e8ncia objectiu. COMUNICACI\u00d3 ONLINE I OFFLINE D\u2019enemics \u00edntims a matrimoni (gaireb\u00e9) indissoluble. La revoluci\u00f3 social i tecnol\u00f2gica ofereix nexes comuns on i offline a l\u2019hora de propagar un missatge. Una revoluci\u00f3 que a FlandeCoco ens encanta abanderar. GABINET DE PREMSA Accessibilitat total als mitjans. El Gabinet FlandeCoco pot ser el teu equip extern per a cobertura d\u2019esdeveniments, clippings, dossiers, mem\u00f2ries, redacci\u00f3 de notes de premsa\u2026 connexi\u00f3 full-equip amb els mitjans. RELACIONS P\u00daBLIQUES Un desafiament per a empreses i organitzacions: ja no importa nom\u00e9s el que es ven, tamb\u00e9 el que fan, diuen i pensen els que venen. El que...","protected":false},"author":1,"featured_media":0,"parent":37984,"menu_order":0,"comment_status":"closed","ping_status":"closed","template":"","meta":{"footnotes":""},"class_list":["post-23240","page","type-page","status-publish","hentry"],"_links":{"self":[{"href":"https:\/\/flandecoco.net\/ca\/wp-json\/wp\/v2\/pages\/23240","targetHints":{"allow":["GET"]}}],"collection":[{"href":"https:\/\/flandecoco.net\/ca\/wp-json\/wp\/v2\/pages"}],"about":[{"href":"https:\/\/flandecoco.net\/ca\/wp-json\/wp\/v2\/types\/page"}],"author":[{"embeddable":true,"href":"https:\/\/flandecoco.net\/ca\/wp-json\/wp\/v2\/users\/1"}],"replies":[{"embeddable":true,"href":"https:\/\/flandecoco.net\/ca\/wp-json\/wp\/v2\/comments?post=23240"}],"version-history":[{"count":10,"href":"https:\/\/flandecoco.net\/ca\/wp-json\/wp\/v2\/pages\/23240\/revisions"}],"predecessor-version":[{"id":37961,"href":"https:\/\/flandecoco.net\/ca\/wp-json\/wp\/v2\/pages\/23240\/revisions\/37961"}],"up":[{"embeddable":true,"href":"https:\/\/flandecoco.net\/ca\/wp-json\/wp\/v2\/pages\/37984"}],"wp:attachment":[{"href":"https:\/\/flandecoco.net\/ca\/wp-json\/wp\/v2\/media?parent=23240"}],"curies":[{"name":"wp","href":"https:\/\/api.w.org\/{rel}","templated":true}]}}